{"id":29656,"date":"2020-12-17T18:17:47","date_gmt":"2020-12-17T18:17:47","guid":{"rendered":"https:\/\/the7.io\/elementor-creative-light\/?page_id=29656"},"modified":"2024-07-09T08:21:06","modified_gmt":"2024-07-09T08:21:06","slug":"termeni-si-conditii","status":"publish","type":"page","link":"https:\/\/duxmd.ro\/en\/termeni-si-conditii\/","title":{"rendered":"Termeni si conditii"},"content":{"rendered":"<div data-elementor-type=\"wp-page\" data-elementor-id=\"29656\" class=\"elementor elementor-29656\" data-elementor-post-type=\"page\">\n\t\t\t\t\t\t<section class=\"elementor-section elementor-top-section elementor-element elementor-element-8d74239 elementor-section-boxed elementor-section-height-default elementor-section-height-default\" data-id=\"8d74239\" data-element_type=\"section\" data-e-type=\"section\">\n\t\t\t\t\t\t<div class=\"elementor-container elementor-column-gap-wide\">\n\t\t\t\t\t<div class=\"elementor-column elementor-col-100 elementor-top-column elementor-element elementor-element-56f82ee\" data-id=\"56f82ee\" data-element_type=\"column\" data-e-type=\"column\">\n\t\t\t<div class=\"elementor-widget-wrap elementor-element-populated\">\n\t\t\t\t\t\t<div class=\"elementor-element elementor-element-b8db4e9 elementor-widget elementor-widget-text-editor\" data-id=\"b8db4e9\" data-element_type=\"widget\" data-e-type=\"widget\" data-widget_type=\"text-editor.default\">\n\t\t\t\t<div class=\"elementor-widget-container\">\n\t\t\t\t\t\t\t\t\t<p><strong>Actualizat la data de: 22.09.2022<\/strong><\/p><p><strong>\u00a0<\/strong><\/p><p>Prezentul document (i\u0302mpreuna\u0306 cu toate documentele ment\u0327ionate i\u0302n acesta) stabiles\u0327te termenii s\u0327i condit\u0327iile care guverneaza\u0306 utilizarea acestui website &#8211; <strong>https:\/\/duxmd.ro\/<\/strong> (i\u0302n continuare \u201eWebsite-ul\u2019\u2019).<\/p><p><u>Scopul Website-ului<\/u> este de prezentare \u0219i promovare a serviciilor de mentenan\u021b\u0103 \u0219i intre\u021binere site-uri WordPress, prestate de societatea Dux MD Pharma Solutions SRL s\u0327i de contractare, prin intermediul Website-ului, cu poten\u021bialii clien\u021bi interesa\u021bi de aceste servicii.<\/p><p>Va\u0306 ruga\u0306m sa\u0306 citit\u0327i prezen\u021bii <em>Termeni \u0219i Condi\u021bii<\/em>, <em>Politica de cookies-uri<\/em> s\u0327i <em>Politica de confident\u0327ialitate<\/em> i\u0302nainte de a utiliza Website-ul. Prin accesarea s\u0326i utilizarea Website-ului, recunoas\u0326tet\u0326i i\u0302n mod expres caracterul obligatoriu al acestor documente \u0219i va\u0306 asumat\u0326i angajamentul de a le respecta.<\/p><hr class=\"the7-p-gap\" style=\"padding-bottom: 25px;\" \/><h5><strong>I. DESCRIEREA ACTIVIT\u0102\u021aII<\/strong><\/h5><p>Dux MD Pharma Solutions SRL cu sediul \u00een Bd. Timisoara, Nr. 94, Et 2, Camera 6, Sector 6, Bucuresti, identificat prin CUI 34490250, \u00eenregistrat la Registrul Comer\u021bului sub nr.: J23\/1558\/2015 este IMPORTATOR \u0218I DISTRBUITOR PRODUSE FARMACEUTICE \u0218I PARAFARMACEUTICE.<\/p><p><strong>Our contact details are:<\/strong><\/p><ol><li>Adresa sediului: Bd. Timi\u0219oara 94, Bucure\u0219ti<\/li><li>Adres\u0103 de e-mail: gdpr@duxmd.ro<\/li><li>Nr. de tel.: 0769.954.577<\/li><\/ol><hr class=\"the7-p-gap\" style=\"padding-bottom: 45px;\" \/><h5><strong>II. PROPRIETATEA INTELECTUALA\u0306 <\/strong><\/h5><p>Societatea este titularul exclusiv al tuturor drepturilor de proprietate intelectual\u0103 referitoare la con\u021binutul Website-ului, inclusiv, f\u0103r\u0103 a se limita la: articole, text, fotografii, ilustra\u021bii, muzic\u0103, clipuri audio \u0219i video, m\u0103rci comerciale, embleme \u0219i modele.<\/p><p>Vizitatorii Website-ului pot accesa, desc\u0103rca \u015fi tip\u0103ri materialele publicate pe Website, \u00een mod gratuit, exclusiv pentru uz personal \u015fi doar \u00een scop necomercial. Ca urmare a realiz\u0103rii oric\u0103reia dintre aceste ac\u021biuni, vizitatorilor Website-ului nu li se transmite sau recuno\u0219te nici un drept, titlu sau nu li se garanteaz\u0103 nici un interes legitim cu privire la materialele publicate pe Website.<\/p><p>Nicio sec\u021biune din con\u021binutul Website-ului asupra c\u0103reia Societatea are un drept de proprietate intelectual\u0103 nu poate fi reprodus\u0103, distribuit\u0103 sau publicat\u0103 sub nici o form\u0103, \u00een nici un scop sau prin niciun mijloc, f\u0103r\u0103 acordul prealabil scris al Societ\u0103\u021bii. Prin urmare, vizitatorii Website-ului declar\u0103 c\u0103, prin simpla utilizare a Website-ului \u00een\u021beleg \u0219i consimt s\u0103 nu copieze, modifice, v\u00e2nd\u0103, distribuie, transmit\u0103, afi\u0219eze, reproduc\u0103, publice sau s\u0103 nu creeze lucr\u0103ri\/opere\/derivate pe baza informa\u021biilor publicate pe Website.<\/p><hr class=\"the7-p-gap\" style=\"padding-bottom: 45px;\" \/><h5><strong>III. UTILIZAREA WEBSITE-ULUI <\/strong><\/h5><p>Prin utilizarea Website-ului va\u0306 obligat\u0327i:<\/p><ol><li>Sa\u0306 nu efectuat\u0327i vreo solicitare sau comand\u0103 falsa\u0306 sau frauduloasa\u0306. I\u0302n cazul i\u0302n care avem motive i\u0302ntemeiate sa\u0306 credem ca\u0306 at\u0327i efectuat o astfel de solicitare sau comand\u0103, avem dreptul sa\u0306 nu r\u0103spundem acesteia s\u0327i sa\u0306 informa\u0306m i\u0302n mod corespunza\u0306tor autorita\u0306t\u0327ile competente.<\/li><li>Sa\u0306 ne furnizat\u0327i nume \u0219i prenume, o adresa\u0306 de e-mail s\u0327i\/sau alte date de contact corecte s\u0327i exacte. Daca\u0306 nu ne furnizat\u0327i toate informat\u0327iile de care avem nevoie, este posibil sa\u0306 nu putem s\u0103 r\u0103spundem solicit\u0103rii sau s\u0103 d\u0103m curs comenzii dvs.<\/li><\/ol><p>Prin utilizarea Website-ului \u00een orice mod \u0219i scop, declara\u021bi ca\u0306 \u00eendeplini\u021bi condi\u021biile prev\u0103zute de lege, respectiv c\u0103 ave\u021bi capacitate de exerci\u021biu pentru \u00eencheierea de acte juridice care nasc \u00een sarcina dvs. obliga\u021biile prev\u0103zute \u00een <em>Termeni \u0219i condi\u021bii<\/em>, <em>Politica de confiden\u021bialitate<\/em> and <em>Politica de cookies-uri<\/em>.<\/p><p><strong>Simpla utilizare a Website-ului \u0219i\/sau transmiterea unei solicit\u0103ri prin formularul de contact \u0219i r\u0103spunsul la aceast\u0103 solicitare, nu oblig\u0103 Societatea \u00een nici un fel fa\u021b\u0103 de vizitator\/poten\u021bialul Client, respectiv nu reprezint\u0103 \u00eencheierea unui contract \u00eentre Societate \u0219i vizitator\/poten\u021bialul Client. <\/strong><\/p><p>Prin intermediul Website-ului, Societatea invit\u0103 vizitatorul Website-ului, respectiv poten\u021bialul client la contractarea serviciilor prestate de aceasta. Vizitatorul, respectiv poten\u021bialul client va contacta Societatea (complet\u00e2nd <em>Formularul de Contact<\/em> ori utiliz\u00e2nd oricare din datele de contact publicate pe Website \u0219i prev\u0103zute la pct. 1 din prezen\u021bii <em>Termeni \u0219i condi\u021bii<\/em>) \u00een scopul negocierilor \u0219i \u00eencheierii unui contract de prest\u0103ri servicii \u00een acest sens. \u00cen respectivul contract vor fi stabilite toate elementele esen\u021biale \u00eencheierii acestuia conform legii, dar \u0219i cele specifice, spre exemplu: obliga\u021biile \u0219i drepturile P\u0103r\u021bilor, pre\u021bul serviciilor contractate, garan\u021bii, r\u0103spundere etc.<\/p><hr class=\"the7-p-gap\" style=\"padding-bottom: 45px;\" \/><h5><strong>IV. LIMITAREA RA\u0306SPUNDERII <\/strong><\/h5><p>Societatea nu \u00ee\u0219i asum\u0103 r\u0103spunderea pentru nici un fel de daune pe care vizitatorul Website-ului, poten\u021bialul Client sau oricare alt ter\u021b le poate suferi ca urmarea a utiliz\u0103rii Website-ului \u00een orice mod sau scop sau ca rezultat al \u00eendeplinirii conforme de c\u0103tre Societate a oric\u0103reia din obliga\u021biile legale \u0219i\/sau contractuale care \u00eei revin.<\/p><p>Vizitatorul va utiliza serviciile oferite prin intermediul Website-ului \u00een totalitate pe propria r\u0103spundere. Acesta este r\u0103spunz\u0103tor pentru p\u0103strarea confiden\u021bialit\u0103\u021bii asupra informa\u021biilor transferate\/primite prin intermediul Website-ului \u0219i pentru prelucrarea acestora \u00een conformitate cu dispozi\u021biile legale \u00een materia protec\u021biei datelor cu caracter personal.<\/p><p>Informa\u021biile de orice tip prezentate prin intermediul Website-ului sunt furnizate de c\u0103tre Societate \u00een forma \u0219i con\u021binutul \u00een care au fost primite sau preluate, f\u0103r\u0103 modific\u0103ri. Societatea nu garanteaz\u0103 \u0219i nu \u00ee\u0219i asum\u0103 r\u0103spunderea cu privire la corectitudinea, acurate\u021bea sau actualitatea nici uneia dintre aceste informa\u021bii.<\/p><hr class=\"the7-p-gap\" style=\"padding-bottom: 45px;\" \/><h5><strong>V. DREPTUL NOSTRU DE A MODIFICA TERMENII \u0218I CONDI\u021aIILE <\/strong><\/h5><p>Avem dreptul de a revizui s\u0327i modifica <em>Termenii \u0219i Condi\u021biile<\/em> i\u0302n mod ocazional s\u0326i discret\u0326ionar.<\/p><p>Avet\u0327i responsabilitatea de a citi i\u0302n i\u0302ntregime <em>Termenii \u0219i Condi\u021biile<\/em>, <em>Politica de cookies-uri<\/em> s\u0327i <em>Politica de confident\u0327ialitate<\/em>, i\u0302ntruca\u0302t aplicabil\u0103 va fi varianta actualizat\u0103 a acestora, i\u0302n vigoare la momentul utiliz\u0103rii Website-ului.<\/p><hr class=\"the7-p-gap\" style=\"padding-bottom: 45px;\" \/><h5><strong>VI. LEGISLAT\u0327IA APLICABILA\u0306 S\u0327I JURISDICT\u0327IA <\/strong><\/h5><p>Utilizarea Website-ului s\u0327i \u00eencheierea, executarea \u0219i \u00eencetarea contractelor i\u0302ncheiate cu Societatea prin intermediul Website-ului vor fi guvernate de legislat\u0327ia rom\u00e2na\u0306.<\/p><p>Eventualele litigii care decurg din sau i\u0302n lega\u0306tura\u0306 cu folosirea Website-ului sau cu \u00eencheierea, executarea \u0219i \u00eencetarea acestor contracte se vor solu\u021biona pe cale amiabil\u0103 sau, \u00een cazul \u00een care aceasta nu va fi posibil\u0103, litigiile vor fi solu\u021bionate de instan\u021bele judec\u0103tore\u0219ti rom\u00e2ne competente.<\/p><hr class=\"the7-p-gap\" style=\"padding-bottom: 45px;\" \/><h5><strong>VII. PRELUCRAREA DATELOR CU CARACTER PERSONAL<\/strong><\/h5><p>Prelucrarea datelor cu caracter personal de c\u0103tre Societate are loc cu respectarea Regulamentului (UE) 2016\/679 al Parlamentului European \u0219i al Consiliului din 27 aprilie 2016 privind protec\u021bia persoanelor fizice \u00een ceea ce prive\u0219te prelucrarea datelor cu caracter personal \u0219i privind libera circula\u021bie a acestor date, \u0219i de abrogare a Directivei nr. 95\/46\/CE (,,Regulamentul general privind protec\u021bia datelor\u2019\u2019) \u0219i a legisla\u021biei na\u021bionale relevante \u00een materia protec\u021biei datelor cu caracter personal.<\/p><p>Pentru a cunoa\u0219te mai mult detalii legate de prelucrarea datelor cu caracter personal, v\u0103 rug\u0103m s\u0103 consulta\u021bi <a href=\"https:\/\/duxmd.ro\/en\/politica-de-confidentialitate\/\"><em>Politica de confiden\u021bialitate <\/em><\/a>and <a href=\"https:\/\/duxmd.ro\/en\/politica-de-cookies\/\"><em>Politica de cookies-uri<\/em><\/a>\u00a0<\/p><p>De asemenea pentru orice \u00eentreb\u0103ri sau solicit\u0103ri privind protec\u021bia datelor cu caracter personal v\u0103 rug\u0103m s\u0103 ne contacta\u021bi la adresa de email: <a href=\"mailto:gdpr@duxmd.ro\">gdpr@duxmd.ro<\/a>.<\/p>\t\t\t\t\t\t\t\t<\/div>\n\t\t\t\t<\/div>\n\t\t\t\t\t<\/div>\n\t\t<\/div>\n\t\t\t\t\t<\/div>\n\t\t<\/section>\n\t\t\t\t<\/div>","protected":false},"excerpt":{"rendered":"<p>Actualizat la data de: 22.09.2022 \u00a0 Prezentul document (i\u0302mpreuna\u0306 cu toate documentele ment\u0327ionate i\u0302n acesta) stabiles\u0327te termenii s\u0327i condit\u0327iile care guverneaza\u0306 utilizarea acestui website &#8211; https:\/\/duxmd.ro\/ (i\u0302n continuare \u201eWebsite-ul\u2019\u2019). Scopul Website-ului este de prezentare \u0219i promovare a serviciilor de mentenan\u021b\u0103 \u0219i intre\u021binere site-uri WordPress, prestate de societatea Dux MD Pharma Solutions SRL s\u0327i de contractare,&hellip;<\/p>","protected":false},"author":2,"featured_media":0,"parent":0,"menu_order":70,"comment_status":"closed","ping_status":"closed","template":"","meta":{"footnotes":""},"class_list":["post-29656","page","type-page","status-publish","hentry"],"yoast_head":"<!-- This site is optimized with the Yoast SEO plugin v27.5 - https:\/\/yoast.com\/product\/yoast-seo-wordpress\/ -->\n<title>Termeni si conditii - Dux MD Pharma Solutions<\/title>\n<meta name=\"robots\" content=\"index, follow, max-snippet:-1, max-image-preview:large, max-video-preview:-1\" \/>\n<link rel=\"canonical\" href=\"https:\/\/duxmd.ro\/en\/termeni-si-conditii\/\" \/>\n<meta property=\"og:locale\" content=\"en_US\" \/>\n<meta property=\"og:type\" content=\"article\" \/>\n<meta property=\"og:title\" content=\"Termeni si conditii - Dux MD Pharma Solutions\" \/>\n<meta property=\"og:description\" content=\"Actualizat la data de: 22.09.2022 \u00a0 Prezentul document (i\u0302mpreuna\u0306 cu toate documentele ment\u0327ionate i\u0302n acesta) stabiles\u0327te termenii s\u0327i condit\u0327iile care guverneaza\u0306 utilizarea acestui website &#8211; https:\/\/duxmd.ro\/ (i\u0302n continuare \u201eWebsite-ul\u2019\u2019). Scopul Website-ului este de prezentare \u0219i promovare a serviciilor de mentenan\u021b\u0103 \u0219i intre\u021binere site-uri WordPress, prestate de societatea Dux MD Pharma Solutions SRL s\u0327i de contractare,&hellip;\" \/>\n<meta property=\"og:url\" content=\"https:\/\/duxmd.ro\/en\/termeni-si-conditii\/\" \/>\n<meta property=\"og:site_name\" content=\"Dux MD Pharma Solutions\" \/>\n<meta property=\"article:modified_time\" content=\"2024-07-09T08:21:06+00:00\" \/>\n<meta name=\"twitter:card\" content=\"summary_large_image\" \/>\n<meta name=\"twitter:label1\" content=\"Est. reading time\" \/>\n\t<meta name=\"twitter:data1\" content=\"6 minutes\" \/>\n<script type=\"application\/ld+json\" class=\"yoast-schema-graph\">{\"@context\":\"https:\\\/\\\/schema.org\",\"@graph\":[{\"@type\":\"WebPage\",\"@id\":\"https:\\\/\\\/duxmd.ro\\\/termeni-si-conditii\\\/\",\"url\":\"https:\\\/\\\/duxmd.ro\\\/termeni-si-conditii\\\/\",\"name\":\"Termeni si conditii - Dux MD Pharma Solutions\",\"isPartOf\":{\"@id\":\"https:\\\/\\\/duxmd.ro\\\/#website\"},\"datePublished\":\"2020-12-17T18:17:47+00:00\",\"dateModified\":\"2024-07-09T08:21:06+00:00\",\"breadcrumb\":{\"@id\":\"https:\\\/\\\/duxmd.ro\\\/termeni-si-conditii\\\/#breadcrumb\"},\"inLanguage\":\"en-US\",\"potentialAction\":[{\"@type\":\"ReadAction\",\"target\":[\"https:\\\/\\\/duxmd.ro\\\/termeni-si-conditii\\\/\"]}]},{\"@type\":\"BreadcrumbList\",\"@id\":\"https:\\\/\\\/duxmd.ro\\\/termeni-si-conditii\\\/#breadcrumb\",\"itemListElement\":[{\"@type\":\"ListItem\",\"position\":1,\"name\":\"Home\",\"item\":\"https:\\\/\\\/duxmd.ro\\\/\"},{\"@type\":\"ListItem\",\"position\":2,\"name\":\"Termeni si conditii\"}]},{\"@type\":\"WebSite\",\"@id\":\"https:\\\/\\\/duxmd.ro\\\/#website\",\"url\":\"https:\\\/\\\/duxmd.ro\\\/\",\"name\":\"Dux MD Pharma Solutions\",\"description\":\"\",\"publisher\":{\"@id\":\"https:\\\/\\\/duxmd.ro\\\/#organization\"},\"potentialAction\":[{\"@type\":\"SearchAction\",\"target\":{\"@type\":\"EntryPoint\",\"urlTemplate\":\"https:\\\/\\\/duxmd.ro\\\/?s={search_term_string}\"},\"query-input\":{\"@type\":\"PropertyValueSpecification\",\"valueRequired\":true,\"valueName\":\"search_term_string\"}}],\"inLanguage\":\"en-US\"},{\"@type\":\"Organization\",\"@id\":\"https:\\\/\\\/duxmd.ro\\\/#organization\",\"name\":\"Dux MD Pharma Solutions\",\"url\":\"https:\\\/\\\/duxmd.ro\\\/\",\"logo\":{\"@type\":\"ImageObject\",\"inLanguage\":\"en-US\",\"@id\":\"https:\\\/\\\/duxmd.ro\\\/#\\\/schema\\\/logo\\\/image\\\/\",\"url\":\"https:\\\/\\\/duxmd.ro\\\/wp-content\\\/uploads\\\/2024\\\/05\\\/LOGO_DuxMD_pt.WEB-1.png\",\"contentUrl\":\"https:\\\/\\\/duxmd.ro\\\/wp-content\\\/uploads\\\/2024\\\/05\\\/LOGO_DuxMD_pt.WEB-1.png\",\"width\":800,\"height\":309,\"caption\":\"Dux MD Pharma Solutions\"},\"image\":{\"@id\":\"https:\\\/\\\/duxmd.ro\\\/#\\\/schema\\\/logo\\\/image\\\/\"}}]}<\/script>\n<!-- \/ Yoast SEO plugin. -->","yoast_head_json":{"title":"Termeni si conditii - Dux MD Pharma Solutions","robots":{"index":"index","follow":"follow","max-snippet":"max-snippet:-1","max-image-preview":"max-image-preview:large","max-video-preview":"max-video-preview:-1"},"canonical":"https:\/\/duxmd.ro\/en\/termeni-si-conditii\/","og_locale":"en_US","og_type":"article","og_title":"Termeni si conditii - Dux MD Pharma Solutions","og_description":"Actualizat la data de: 22.09.2022 \u00a0 Prezentul document (i\u0302mpreuna\u0306 cu toate documentele ment\u0327ionate i\u0302n acesta) stabiles\u0327te termenii s\u0327i condit\u0327iile care guverneaza\u0306 utilizarea acestui website &#8211; https:\/\/duxmd.ro\/ (i\u0302n continuare \u201eWebsite-ul\u2019\u2019). Scopul Website-ului este de prezentare \u0219i promovare a serviciilor de mentenan\u021b\u0103 \u0219i intre\u021binere site-uri WordPress, prestate de societatea Dux MD Pharma Solutions SRL s\u0327i de contractare,&hellip;","og_url":"https:\/\/duxmd.ro\/en\/termeni-si-conditii\/","og_site_name":"Dux MD Pharma Solutions","article_modified_time":"2024-07-09T08:21:06+00:00","twitter_card":"summary_large_image","twitter_misc":{"Est. reading time":"6 minutes"},"schema":{"@context":"https:\/\/schema.org","@graph":[{"@type":"WebPage","@id":"https:\/\/duxmd.ro\/termeni-si-conditii\/","url":"https:\/\/duxmd.ro\/termeni-si-conditii\/","name":"Termeni si conditii - Dux MD Pharma Solutions","isPartOf":{"@id":"https:\/\/duxmd.ro\/#website"},"datePublished":"2020-12-17T18:17:47+00:00","dateModified":"2024-07-09T08:21:06+00:00","breadcrumb":{"@id":"https:\/\/duxmd.ro\/termeni-si-conditii\/#breadcrumb"},"inLanguage":"en-US","potentialAction":[{"@type":"ReadAction","target":["https:\/\/duxmd.ro\/termeni-si-conditii\/"]}]},{"@type":"BreadcrumbList","@id":"https:\/\/duxmd.ro\/termeni-si-conditii\/#breadcrumb","itemListElement":[{"@type":"ListItem","position":1,"name":"Home","item":"https:\/\/duxmd.ro\/"},{"@type":"ListItem","position":2,"name":"Termeni si conditii"}]},{"@type":"WebSite","@id":"https:\/\/duxmd.ro\/#website","url":"https:\/\/duxmd.ro\/","name":"Dux MD Pharma Solutions","description":"","publisher":{"@id":"https:\/\/duxmd.ro\/#organization"},"potentialAction":[{"@type":"SearchAction","target":{"@type":"EntryPoint","urlTemplate":"https:\/\/duxmd.ro\/?s={search_term_string}"},"query-input":{"@type":"PropertyValueSpecification","valueRequired":true,"valueName":"search_term_string"}}],"inLanguage":"en-US"},{"@type":"Organization","@id":"https:\/\/duxmd.ro\/#organization","name":"Dux MD Pharma Solutions","url":"https:\/\/duxmd.ro\/","logo":{"@type":"ImageObject","inLanguage":"en-US","@id":"https:\/\/duxmd.ro\/#\/schema\/logo\/image\/","url":"https:\/\/duxmd.ro\/wp-content\/uploads\/2024\/05\/LOGO_DuxMD_pt.WEB-1.png","contentUrl":"https:\/\/duxmd.ro\/wp-content\/uploads\/2024\/05\/LOGO_DuxMD_pt.WEB-1.png","width":800,"height":309,"caption":"Dux MD Pharma Solutions"},"image":{"@id":"https:\/\/duxmd.ro\/#\/schema\/logo\/image\/"}}]}},"_links":{"self":[{"href":"https:\/\/duxmd.ro\/en\/wp-json\/wp\/v2\/pages\/29656","targetHints":{"allow":["GET"]}}],"collection":[{"href":"https:\/\/duxmd.ro\/en\/wp-json\/wp\/v2\/pages"}],"about":[{"href":"https:\/\/duxmd.ro\/en\/wp-json\/wp\/v2\/types\/page"}],"author":[{"embeddable":true,"href":"https:\/\/duxmd.ro\/en\/wp-json\/wp\/v2\/users\/2"}],"replies":[{"embeddable":true,"href":"https:\/\/duxmd.ro\/en\/wp-json\/wp\/v2\/comments?post=29656"}],"version-history":[{"count":7,"href":"https:\/\/duxmd.ro\/en\/wp-json\/wp\/v2\/pages\/29656\/revisions"}],"predecessor-version":[{"id":88721,"href":"https:\/\/duxmd.ro\/en\/wp-json\/wp\/v2\/pages\/29656\/revisions\/88721"}],"wp:attachment":[{"href":"https:\/\/duxmd.ro\/en\/wp-json\/wp\/v2\/media?parent=29656"}],"curies":[{"name":"wp","href":"https:\/\/api.w.org\/{rel}","templated":true}]}}