{"id":88708,"date":"2024-07-09T08:14:51","date_gmt":"2024-07-09T08:14:51","guid":{"rendered":"https:\/\/duxmd.ro\/?page_id=88708"},"modified":"2024-10-24T09:10:12","modified_gmt":"2024-10-24T09:10:12","slug":"politica-de-cookies","status":"publish","type":"page","link":"https:\/\/duxmd.ro\/en\/politica-de-cookies\/","title":{"rendered":"Politica de cookies"},"content":{"rendered":"<div data-elementor-type=\"wp-page\" data-elementor-id=\"88708\" class=\"elementor elementor-88708\" data-elementor-post-type=\"page\">\n\t\t\t\t\t\t<section class=\"elementor-section elementor-top-section elementor-element elementor-element-8d74239 elementor-section-boxed elementor-section-height-default elementor-section-height-default\" data-id=\"8d74239\" data-element_type=\"section\" data-e-type=\"section\">\n\t\t\t\t\t\t<div class=\"elementor-container elementor-column-gap-wide\">\n\t\t\t\t\t<div class=\"elementor-column elementor-col-100 elementor-top-column elementor-element elementor-element-56f82ee\" data-id=\"56f82ee\" data-element_type=\"column\" data-e-type=\"column\">\n\t\t\t<div class=\"elementor-widget-wrap elementor-element-populated\">\n\t\t\t\t\t\t<div class=\"elementor-element elementor-element-b8db4e9 elementor-widget elementor-widget-text-editor\" data-id=\"b8db4e9\" data-element_type=\"widget\" data-e-type=\"widget\" data-widget_type=\"text-editor.default\">\n\t\t\t\t<div class=\"elementor-widget-container\">\n\t\t\t\t\t\t\t\t\t<p>Acest website folose\u0219te at\u00e2t cookies-uri proprii, c\u00e2t \u0219i de la ter\u021bi, pentru a furniza vizitatorilor o experien\u021b\u0103 c\u00e2t mai bun\u0103 de navigare \u0219i servicii adaptate nevoilor \u0219i interesului fiec\u0103ruia dintre ace\u0219tia.<\/p><p>\u00cen conformitate cu Regulamentul (UE) 2016\/679 al Parlamentului European \u0219i al Consiliului din 27 aprilie 2016 privind protec\u021bia persoanelor fizice \u00een ceea ce prive\u0219te prelucrarea datelor cu caracter personal \u0219i privind libera circula\u021bie a acestor date, \u0219i de abrogare a Directivei nr. 95\/46\/CE (,,Regulamentul general privind protec\u021bia datelor\u2019\u2019) \u0219i cu legisla\u021bia na\u021bional\u0103 relevant\u0103 \u00een materia protec\u021biei datelor, <strong>tuturor vizitatorilor website-ului li se cere consim\u021b\u0103m\u00e2ntul \u00eenaintea transmiterii de cookies-uri \u00een computerele acestora<\/strong>.<\/p><p>C\u00e2nd vizita\u021bi pagina noastr\u0103 de Internet, nu sunt transmise date cu caracter personal c\u0103tre serverul nostru dec\u00e2t dac\u0103 ne trimite\u021bi \u00een mod activ astfel de date. Singurele excep\u021bii sunt cookies-urile obligatorii din punct de vedere tehnic, care sunt esen\u021biale pentru func\u021bionarea paginii noastre de Internet.<\/p><p>Instrumentul de analiz\u0103 web Google Analytics este configurat \u00een a\u0219a fel \u00eenc\u00e2t datele s\u0103 fie \u00eenregistrate doar \u00een mod anonim \u0219i s\u0103 nu poat\u0103 fi urm\u0103rite \u00eenapoi la persoane individuale.<\/p><p>Toate celelalte tehnologii de la furnizori externi (de ex. Google Maps, plug-in-uri YouTube) sunt dezactivate \u00een mod implicit, astfel \u00eenc\u00e2t s\u0103 nu se transmit\u0103 date ter\u021bilor atunci c\u00e2nd vizita\u021bi pagina noastr\u0103 de Internet.<\/p><p>Ave\u021bi op\u021biunea de a accepta utilizarea altor cookies-uri \u00een banner-ul cookie sau de a permite con\u021binut extern pentru a \u00eembun\u0103t\u0103\u021bi func\u021bionalitatea \u0219i con\u021binutul paginii noastre de Internet. \u00cen acest caz, furnizorii ter\u021bi pot afla de la dvs. datele dvs. cu caracter personal.<\/p><p><strong>\u00a0<\/strong><\/p><h5><strong>Ce se \u00een\u021belege prin cookies-uri?<\/strong><\/h5><p>Cookie-ul este un fi\u0219ier text de mici dimensiuni pe care un website \u00eel salveaz\u0103 \u00een calculatorul sau dispozitivul dvs. mobil atunci c\u00e2nd \u00eel vizita\u021bi. Datorit\u0103 cookies-urilor, website-ul re\u021bine, pentru o perioad\u0103 de timp, ac\u021biunile \u015fi preferin\u021bele dvs. (login, limb\u0103, dimensiunea caracterelor \u0219i alte preferin\u021be de afi\u0219are). Astfel, nu mai trebuie s\u0103 le reintroduce\u021bi ori de c\u00e2te ori reveni\u021bi la website sau naviga\u021bi de pe o pagin\u0103 pe alta.<\/p><p>Cookies-urile pot con\u021bine \u0219i date cu caracter personal, precum adresa dvs. IP. Prin urmare, stoc\u0103m cookies-uri numai dac\u0103 a\u021bi permis \u00een mod explicit acest lucru \u00een set\u0103rile cookies-urilor de pe pagina noastr\u0103 de Internet. Pute\u021bi revoca consim\u021b\u0103m\u00e2ntul dvs. pentru utilizarea cookies-urilor \u00een orice moment, cu efect pentru viitor, ajust\u00e2nd set\u0103rile de securitate ale browser-ului \u00een consecin\u021b\u0103.<\/p><p>Excep\u021bie fac cookies-urile care sunt esen\u021biale din punct de vedere tehnic pentru func\u021bionarea paginii noastre de Internet. F\u0103r\u0103 acestea nu pute\u021bi vizita sau naviga pe pagina noastr\u0103 de Internet. Prin urmare, aceste cookies-uri sunt activate \u00een general din oficiu.<\/p><p>De asemenea, ave\u021bi posibilitatea de a dezactiva, \u00een general, cookies-urile \u00een browser-ul dvs. \u00een orice moment. Acest lucru \u00eempiedic\u0103 stocarea cookies-urilor pe dispozitivul dvs. \u00cen acest sens, atragem aten\u021bia c\u0103 dezactivarea general\u0103 a cookies-urilor poate duce la disfunc\u021bionalit\u0103\u021bi privind utilizarea paginii noastre de Internet.<\/p><p><strong>\u00a0<\/strong><\/p><h5><strong>Cum se folosesc cookies-urile?<\/strong><\/h5><p>Exist\u0103 3 tipuri de cookies-uri utilizate \u00een general:<\/p><ul><li><strong>Cookies-urile necesare<\/strong>: fac website-ul func\u021bional, oferind func\u021bionalit\u0103\u021bi de baz\u0103 precum navigarea pe paginile website-ului \u0219i accesul la zonele securizate ale website-ului. Website-ul nu poate func\u021biona corect f\u0103r\u0103 aceste cookies-uri.<\/li><li><strong>Cookies-urile statistice<\/strong>: colecteaz\u0103 \u0219i raporteaz\u0103 informa\u021bii \u00een mod anonim \u0219i ajut\u0103 proprietarii de website-uri s\u0103 \u00een\u021beleag\u0103 modul \u00een care vizitatorii interac\u021bioneaz\u0103 cu website-ul.<\/li><li><strong>Cookies-urile de marketing<\/strong>: sunt folosite pentru a urm\u0103ri vizitatorii pe website-urile lor de navigare. Scopul este de a oferi reclame relevante \u0219i captivante pentru fiecare vizitator.<\/li><\/ul><p>Mai exist\u0103 \u0219i categoria de Cookies-uri neclasificate, care sunt \u00een curs de clasificare, respectiv de \u00eencadrare \u00een una dintre cele 3 categorii principale.<\/p><p>Domeniul <strong>https:\/\/duxmd.ro\/<\/strong> folose\u0219te cookies-uri <strong>necesare (4)<\/strong>, <strong>statistice (3), de marketing (3) \u0219i neclasificate (1)<\/strong>.<\/p><p><strong>\u00a0<\/strong><\/p><h5><strong>Ce sunt cookies-urile plasate de ter\u021bi?<\/strong><\/h5><p>Anumite sec\u021biuni de con\u021binut de pe website pot fi furnizate prin intermediul unor ter\u021be p\u0103r\u021bi. Aceste ter\u021be p\u0103r\u021bi pot plasa cookies-uri prin intermediul altui website \u0219i ele se numesc ,,third party cookies&#8221; pentru c\u0103 nu sunt plasate de proprietarul website-ului respectiv. Furnizorii ter\u021bi trebuie s\u0103 respecte de asemenea, legea \u00een vigoare \u0219i politicile de confiden\u021bialitate ale de\u021bin\u0103torului website-ului.<\/p><p><strong>\u00a0<\/strong><\/p><h5><strong>Care este durata de via\u0163\u0103 a unui cookie?<\/strong><\/h5><p>Cookies-urile sunt administrate de webservere. Durata de via\u021b\u0103 a unui cookie poate varia semnificativ, depinz\u00e2nd de scopul pentru care este plasat. Unele cookies-uri sunt folosite exclusiv pentru o singur\u0103 sesiune (<em>session cookies<\/em>) \u0219i nu mai sunt re\u021binute, odat\u0103 ce vizitatorul a p\u0103r\u0103sit website-ul, \u00een timp ce alte cookies-uri sunt re\u021binute \u0219i refolosite de fiecare dat\u0103 c\u00e2nd vizitatorul revine pe acel website (<em>cookies-uri persistente<\/em>). Cu toate acestea, cookies-urile pot fi \u0219terse de un vizitator \u00een orice moment prin intermediul set\u0103rilor browser-ului pe care \u00eel folose\u0219te.<\/p><h5><strong>Cum pute\u021bi controla cookies-urile?<\/strong><\/h5><p>Pute\u021bi controla \u0219i\/sau \u0219terge cookies-urile dup\u0103 cum dori\u021bi \u2013 pentru detalii, consulta\u021bi website-ul <a href=\"https:\/\/www.aboutcookies.org\">https:\/\/www.aboutcookies.org<\/a>. Pute\u021bi \u0219terge toate cookies-urile din calculatorul dvs. \u0219i pute\u021bi seta majoritatea browserelor s\u0103 blocheze plasarea acestora. Dac\u0103 face\u021bi acest lucru, este posibil s\u0103 fi\u021bi nevoit s\u0103 seta\u021bi manual unele preferin\u021be, de fiecare dat\u0103 c\u00e2nd vizita\u021bi website-ul. De asemenea, s-ar putea ca unele servicii sau op\u021biuni s\u0103 nu func\u021bioneze.<\/p><p>Link-uri utile pentru controlul cookies-urilor \u00een func\u021bie de browser-ul pe care \u00eel folosi\u021bi:<\/p><ul><li>Cookies \u00een Internet Explorer (<a href=\"https:\/\/support.microsoft.com\/en-us\/help\/17442\/windows-internet-explorer-delete-manage-cookies\">https:\/\/support.microsoft.com\/en-us\/help\/17442\/windows-internet-explorer-delete-manage-cookies<\/a>)<\/li><li>Cookies \u00een Firefox (<a href=\"https:\/\/support.mozilla.org\/en-US\/kb\/enable-and-disable-cookies-website-preferences\">https:\/\/support.mozilla.org\/en-US\/kb\/enable-and-disable-cookies-website-preferences<\/a>)<\/li><li>Cookies \u00een Chrome (<a href=\"https:\/\/support.google.com\/chrome\/answer\/95647?co=GENIE.Platform%3DAndroid&amp;hl=en\">https:\/\/support.google.com\/chrome\/answer\/95647?co=GENIE.Platform%3DAndroid&amp;hl=en<\/a>)<\/li><li>Cookies \u00een Opera (<a href=\"https:\/\/www.opera.com\/help\/tutorials\/security\/privacy\/\">https:\/\/www.opera.com\/help\/tutorials\/security\/privacy\/<\/a>)<\/li><\/ul><h5><strong>Ce cookie-uri folosim pe duxmd.ro?<\/strong><\/h5><p>Consulta\u021bi Declara\u021bia de cookie-uri a duxmd.ro la <a href=\"https:\/\/duxmd.ro\/en\/cookie-declaration\/\">https:\/\/duxmd.ro\/cookie-declaration\/<\/a> pentru informa\u021bii despre cookie-urile pe care le folosim.<\/p><p>Pentru modificarea op\u021biunilor tale, te rug\u0103m s\u0103 accesezi acest <a href=\"https:\/\/duxmd.ro\/en\/cookie-declaration\/\">link.<\/a><\/p>\t\t\t\t\t\t\t\t<\/div>\n\t\t\t\t<\/div>\n\t\t\t\t\t<\/div>\n\t\t<\/div>\n\t\t\t\t\t<\/div>\n\t\t<\/section>\n\t\t\t\t<\/div>","protected":false},"excerpt":{"rendered":"<p>Acest website folose\u0219te at\u00e2t cookies-uri proprii, c\u00e2t \u0219i de la ter\u021bi, pentru a furniza vizitatorilor o experien\u021b\u0103 c\u00e2t mai bun\u0103 de navigare \u0219i servicii adaptate nevoilor \u0219i interesului fiec\u0103ruia dintre ace\u0219tia. \u00cen conformitate cu Regulamentul (UE) 2016\/679 al Parlamentului European \u0219i al Consiliului din 27 aprilie 2016 privind protec\u021bia persoanelor fizice \u00een ceea ce prive\u0219te&hellip;<\/p>","protected":false},"author":2,"featured_media":0,"parent":0,"menu_order":70,"comment_status":"closed","ping_status":"closed","template":"","meta":{"footnotes":""},"class_list":["post-88708","page","type-page","status-publish","hentry"],"yoast_head":"<!-- This site is optimized with the Yoast SEO plugin v27.5 - https:\/\/yoast.com\/product\/yoast-seo-wordpress\/ -->\n<title>Politica de cookies - Dux MD Pharma Solutions<\/title>\n<meta name=\"robots\" content=\"index, follow, max-snippet:-1, max-image-preview:large, max-video-preview:-1\" \/>\n<link rel=\"canonical\" href=\"https:\/\/duxmd.ro\/en\/politica-de-cookies\/\" \/>\n<meta property=\"og:locale\" content=\"en_US\" \/>\n<meta property=\"og:type\" content=\"article\" \/>\n<meta property=\"og:title\" content=\"Politica de cookies - Dux MD Pharma Solutions\" \/>\n<meta property=\"og:description\" content=\"Acest website folose\u0219te at\u00e2t cookies-uri proprii, c\u00e2t \u0219i de la ter\u021bi, pentru a furniza vizitatorilor o experien\u021b\u0103 c\u00e2t mai bun\u0103 de navigare \u0219i servicii adaptate nevoilor \u0219i interesului fiec\u0103ruia dintre ace\u0219tia. \u00cen conformitate cu Regulamentul (UE) 2016\/679 al Parlamentului European \u0219i al Consiliului din 27 aprilie 2016 privind protec\u021bia persoanelor fizice \u00een ceea ce prive\u0219te&hellip;\" \/>\n<meta property=\"og:url\" content=\"https:\/\/duxmd.ro\/en\/politica-de-cookies\/\" \/>\n<meta property=\"og:site_name\" content=\"Dux MD Pharma Solutions\" \/>\n<meta property=\"article:modified_time\" content=\"2024-10-24T09:10:12+00:00\" \/>\n<meta name=\"twitter:card\" content=\"summary_large_image\" \/>\n<meta name=\"twitter:label1\" content=\"Est. reading time\" \/>\n\t<meta name=\"twitter:data1\" content=\"5 minutes\" \/>\n<script type=\"application\/ld+json\" class=\"yoast-schema-graph\">{\"@context\":\"https:\\\/\\\/schema.org\",\"@graph\":[{\"@type\":\"WebPage\",\"@id\":\"https:\\\/\\\/duxmd.ro\\\/politica-de-cookies\\\/\",\"url\":\"https:\\\/\\\/duxmd.ro\\\/politica-de-cookies\\\/\",\"name\":\"Politica de cookies - Dux MD Pharma Solutions\",\"isPartOf\":{\"@id\":\"https:\\\/\\\/duxmd.ro\\\/#website\"},\"datePublished\":\"2024-07-09T08:14:51+00:00\",\"dateModified\":\"2024-10-24T09:10:12+00:00\",\"breadcrumb\":{\"@id\":\"https:\\\/\\\/duxmd.ro\\\/politica-de-cookies\\\/#breadcrumb\"},\"inLanguage\":\"en-US\",\"potentialAction\":[{\"@type\":\"ReadAction\",\"target\":[\"https:\\\/\\\/duxmd.ro\\\/politica-de-cookies\\\/\"]}]},{\"@type\":\"BreadcrumbList\",\"@id\":\"https:\\\/\\\/duxmd.ro\\\/politica-de-cookies\\\/#breadcrumb\",\"itemListElement\":[{\"@type\":\"ListItem\",\"position\":1,\"name\":\"Home\",\"item\":\"https:\\\/\\\/duxmd.ro\\\/\"},{\"@type\":\"ListItem\",\"position\":2,\"name\":\"Politica de cookies\"}]},{\"@type\":\"WebSite\",\"@id\":\"https:\\\/\\\/duxmd.ro\\\/#website\",\"url\":\"https:\\\/\\\/duxmd.ro\\\/\",\"name\":\"Dux MD Pharma Solutions\",\"description\":\"\",\"publisher\":{\"@id\":\"https:\\\/\\\/duxmd.ro\\\/#organization\"},\"potentialAction\":[{\"@type\":\"SearchAction\",\"target\":{\"@type\":\"EntryPoint\",\"urlTemplate\":\"https:\\\/\\\/duxmd.ro\\\/?s={search_term_string}\"},\"query-input\":{\"@type\":\"PropertyValueSpecification\",\"valueRequired\":true,\"valueName\":\"search_term_string\"}}],\"inLanguage\":\"en-US\"},{\"@type\":\"Organization\",\"@id\":\"https:\\\/\\\/duxmd.ro\\\/#organization\",\"name\":\"Dux MD Pharma Solutions\",\"url\":\"https:\\\/\\\/duxmd.ro\\\/\",\"logo\":{\"@type\":\"ImageObject\",\"inLanguage\":\"en-US\",\"@id\":\"https:\\\/\\\/duxmd.ro\\\/#\\\/schema\\\/logo\\\/image\\\/\",\"url\":\"https:\\\/\\\/duxmd.ro\\\/wp-content\\\/uploads\\\/2024\\\/05\\\/LOGO_DuxMD_pt.WEB-1.png\",\"contentUrl\":\"https:\\\/\\\/duxmd.ro\\\/wp-content\\\/uploads\\\/2024\\\/05\\\/LOGO_DuxMD_pt.WEB-1.png\",\"width\":800,\"height\":309,\"caption\":\"Dux MD Pharma Solutions\"},\"image\":{\"@id\":\"https:\\\/\\\/duxmd.ro\\\/#\\\/schema\\\/logo\\\/image\\\/\"}}]}<\/script>\n<!-- \/ Yoast SEO plugin. -->","yoast_head_json":{"title":"Politica de cookies - Dux MD Pharma Solutions","robots":{"index":"index","follow":"follow","max-snippet":"max-snippet:-1","max-image-preview":"max-image-preview:large","max-video-preview":"max-video-preview:-1"},"canonical":"https:\/\/duxmd.ro\/en\/politica-de-cookies\/","og_locale":"en_US","og_type":"article","og_title":"Politica de cookies - Dux MD Pharma Solutions","og_description":"Acest website folose\u0219te at\u00e2t cookies-uri proprii, c\u00e2t \u0219i de la ter\u021bi, pentru a furniza vizitatorilor o experien\u021b\u0103 c\u00e2t mai bun\u0103 de navigare \u0219i servicii adaptate nevoilor \u0219i interesului fiec\u0103ruia dintre ace\u0219tia. \u00cen conformitate cu Regulamentul (UE) 2016\/679 al Parlamentului European \u0219i al Consiliului din 27 aprilie 2016 privind protec\u021bia persoanelor fizice \u00een ceea ce prive\u0219te&hellip;","og_url":"https:\/\/duxmd.ro\/en\/politica-de-cookies\/","og_site_name":"Dux MD Pharma Solutions","article_modified_time":"2024-10-24T09:10:12+00:00","twitter_card":"summary_large_image","twitter_misc":{"Est. reading time":"5 minutes"},"schema":{"@context":"https:\/\/schema.org","@graph":[{"@type":"WebPage","@id":"https:\/\/duxmd.ro\/politica-de-cookies\/","url":"https:\/\/duxmd.ro\/politica-de-cookies\/","name":"Politica de cookies - Dux MD Pharma Solutions","isPartOf":{"@id":"https:\/\/duxmd.ro\/#website"},"datePublished":"2024-07-09T08:14:51+00:00","dateModified":"2024-10-24T09:10:12+00:00","breadcrumb":{"@id":"https:\/\/duxmd.ro\/politica-de-cookies\/#breadcrumb"},"inLanguage":"en-US","potentialAction":[{"@type":"ReadAction","target":["https:\/\/duxmd.ro\/politica-de-cookies\/"]}]},{"@type":"BreadcrumbList","@id":"https:\/\/duxmd.ro\/politica-de-cookies\/#breadcrumb","itemListElement":[{"@type":"ListItem","position":1,"name":"Home","item":"https:\/\/duxmd.ro\/"},{"@type":"ListItem","position":2,"name":"Politica de cookies"}]},{"@type":"WebSite","@id":"https:\/\/duxmd.ro\/#website","url":"https:\/\/duxmd.ro\/","name":"Dux MD Pharma Solutions","description":"","publisher":{"@id":"https:\/\/duxmd.ro\/#organization"},"potentialAction":[{"@type":"SearchAction","target":{"@type":"EntryPoint","urlTemplate":"https:\/\/duxmd.ro\/?s={search_term_string}"},"query-input":{"@type":"PropertyValueSpecification","valueRequired":true,"valueName":"search_term_string"}}],"inLanguage":"en-US"},{"@type":"Organization","@id":"https:\/\/duxmd.ro\/#organization","name":"Dux MD Pharma Solutions","url":"https:\/\/duxmd.ro\/","logo":{"@type":"ImageObject","inLanguage":"en-US","@id":"https:\/\/duxmd.ro\/#\/schema\/logo\/image\/","url":"https:\/\/duxmd.ro\/wp-content\/uploads\/2024\/05\/LOGO_DuxMD_pt.WEB-1.png","contentUrl":"https:\/\/duxmd.ro\/wp-content\/uploads\/2024\/05\/LOGO_DuxMD_pt.WEB-1.png","width":800,"height":309,"caption":"Dux MD Pharma Solutions"},"image":{"@id":"https:\/\/duxmd.ro\/#\/schema\/logo\/image\/"}}]}},"_links":{"self":[{"href":"https:\/\/duxmd.ro\/en\/wp-json\/wp\/v2\/pages\/88708","targetHints":{"allow":["GET"]}}],"collection":[{"href":"https:\/\/duxmd.ro\/en\/wp-json\/wp\/v2\/pages"}],"about":[{"href":"https:\/\/duxmd.ro\/en\/wp-json\/wp\/v2\/types\/page"}],"author":[{"embeddable":true,"href":"https:\/\/duxmd.ro\/en\/wp-json\/wp\/v2\/users\/2"}],"replies":[{"embeddable":true,"href":"https:\/\/duxmd.ro\/en\/wp-json\/wp\/v2\/comments?post=88708"}],"version-history":[{"count":22,"href":"https:\/\/duxmd.ro\/en\/wp-json\/wp\/v2\/pages\/88708\/revisions"}],"predecessor-version":[{"id":89031,"href":"https:\/\/duxmd.ro\/en\/wp-json\/wp\/v2\/pages\/88708\/revisions\/89031"}],"wp:attachment":[{"href":"https:\/\/duxmd.ro\/en\/wp-json\/wp\/v2\/media?parent=88708"}],"curies":[{"name":"wp","href":"https:\/\/api.w.org\/{rel}","templated":true}]}}