{"id":89531,"date":"2026-03-06T14:39:16","date_gmt":"2026-03-06T14:39:16","guid":{"rendered":"https:\/\/duxmd.ro\/?page_id=89531"},"modified":"2026-03-06T15:01:32","modified_gmt":"2026-03-06T15:01:32","slug":"devino-partener","status":"publish","type":"page","link":"https:\/\/duxmd.ro\/en\/responsabilitate-sociala\/program-sprijin-pacienti\/devino-partener\/","title":{"rendered":"Become a partner"},"content":{"rendered":"\t\t<div data-elementor-type=\"wp-page\" data-elementor-id=\"89531\" class=\"elementor elementor-89531\" data-elementor-post-type=\"page\">\n\t\t\t\t\t\t<section class=\"elementor-section elementor-top-section elementor-element elementor-element-73169b4 elementor-section-boxed elementor-section-height-default elementor-section-height-default\" data-id=\"73169b4\" data-element_type=\"section\" data-e-type=\"section\">\n\t\t\t\t\t\t<div class=\"elementor-container elementor-column-gap-wide\">\n\t\t\t\t\t<div class=\"elementor-column elementor-col-100 elementor-top-column elementor-element elementor-element-1392240\" data-id=\"1392240\" data-element_type=\"column\" data-e-type=\"column\">\n\t\t\t<div class=\"elementor-widget-wrap elementor-element-populated\">\n\t\t\t\t\t\t<div class=\"elementor-element elementor-element-ee840d7 elementor-widget elementor-widget-heading\" data-id=\"ee840d7\" data-element_type=\"widget\" data-e-type=\"widget\" data-widget_type=\"heading.default\">\n\t\t\t\t<div class=\"elementor-widget-container\">\n\t\t\t\t\t<h3 class=\"elementor-heading-title elementor-size-default\">Devino partener \u00een Subprogramul \u2013 Aria Fertilitate <\/br>\nProgramul de Sprijin pentru Pacien\u021bi \u2013 Responsabilitate Social\u0103 DUX\n<\/h3>\t\t\t\t<\/div>\n\t\t\t\t<\/div>\n\t\t\t\t\t<\/div>\n\t\t<\/div>\n\t\t\t\t\t<\/div>\n\t\t<\/section>\n\t\t\t\t<section class=\"elementor-section elementor-top-section elementor-element elementor-element-d9e12c2 elementor-section-boxed elementor-section-height-default elementor-section-height-default\" data-id=\"d9e12c2\" data-element_type=\"section\" data-e-type=\"section\">\n\t\t\t\t\t\t<div class=\"elementor-container elementor-column-gap-wide\">\n\t\t\t\t\t<div class=\"elementor-column elementor-col-100 elementor-top-column elementor-element elementor-element-49b4671\" data-id=\"49b4671\" data-element_type=\"column\" data-e-type=\"column\">\n\t\t\t<div class=\"elementor-widget-wrap elementor-element-populated\">\n\t\t\t\t\t\t<div class=\"elementor-element elementor-element-7a68b90 elementor-widget elementor-widget-text-editor\" data-id=\"7a68b90\" data-element_type=\"widget\" data-e-type=\"widget\" data-widget_type=\"text-editor.default\">\n\t\t\t\t<div class=\"elementor-widget-container\">\n\t\t\t\t\t\t\t\t\t<h5><em><strong>Cui se adreseaz\u0103<\/strong><\/em><\/h5><ul><li>Asocia\u021bii de pacien\u021bi (ONG)<\/li><li>Clinici \/ unit\u0103\u021bi medicale<\/li><li>Comunit\u0103\u021bi tematice<\/li><li>Reprezentan\u021bi de comunitate (inclusiv prin SRL)<\/li><\/ul><h5><em><strong>Tipuri de colaborare disponibile<\/strong><\/em><\/h5><p><span style=\"text-decoration: underline;\"><em>\ud83d\udd39 Tip A \u2013 Facilitare acces pacien\u021bi<\/em><\/span><\/p><ul><li>cod de acces pentru comunitate;<\/li><li>comunicare institu\u021bional\u0103 privind existen\u021ba subprogramului;<\/li><li>direc\u021bionare c\u0103tre pagina oficial\u0103.<\/li><\/ul><p><span style=\"text-decoration: underline;\"><em>\ud83d\udd39 Tip B \u2013 Facilitare + contribu\u021bie pentru ini\u021biative<\/em><\/span><\/p><ul><li>acces pentru pacien\u021bi;<\/li><li>contribu\u021bie financiar\u0103 direc\u021bionat\u0103 c\u0103tre ini\u021biative ale partenerului;<\/li><li>plafon anual\/per produs stabilit prin acord separat;<\/li><li>raportare \u0219i trasabilitate documentat\u0103.<\/li><\/ul><p><span style=\"text-decoration: underline;\"><em>\ud83d\udd39 Tip C \u2013 Sprijin direct pentru cazuri sociale<\/em><\/span><\/p><ul><li>interven\u021bii punctuale;<\/li><li>documenta\u021bie separat\u0103;<\/li><li>plafon stabilit intern.<\/li><\/ul><h5><em><strong>Pentru reprezentan\u021bii de comunitate care opereaz\u0103 prin SRL<\/strong><\/em><\/h5><p>Colaborarea se realizeaz\u0103 exclusiv prin <em>Contract de prest\u0103ri servicii \u2013 comunicare institu\u021bional\u0103 \u0219i facilitare acces la informa\u021bie<\/em>, \u00een conformitate cu principiile prev\u0103zute \u00een cadrul Programului. Contractul:<br \/>\u2022 nu este contract de sponsorizare;<br \/>\u2022 nu este contract de afiliere;<br \/>\u2022 nu implic\u0103 comisioane din v\u00e2nz\u0103ri;<br \/>\u2022 nu coreleaz\u0103 onorariul cu utilizarea codurilor.<\/p><p>Remunera\u021bia este:<br \/>\u2022 fix\u0103;<br \/>\u2022 previzibil\u0103;<br \/>\u2022 independent\u0103 de rezultate comerciale.<\/p><h5><em><strong>Principii obligatorii pentru parteneri<\/strong><\/em><\/h5><ul><li>f\u0103r\u0103 promovare de produse;<\/li><li>f\u0103r\u0103 recomand\u0103ri medicale;<\/li><li>f\u0103r\u0103 stimulare a v\u00e2nz\u0103rilor;<\/li><li>f\u0103r\u0103 beneficii personale pentru profesioni\u0219tii din domeniul s\u0103n\u0103t\u0103\u021bii;<\/li><li>respectarea cadrului ANMDMR \u0219i a legisla\u021biei privind publicitatea \u00een s\u0103n\u0103tate.<\/li><\/ul>\t\t\t\t\t\t\t\t<\/div>\n\t\t\t\t<\/div>\n\t\t\t\t\t<\/div>\n\t\t<\/div>\n\t\t\t\t\t<\/div>\n\t\t<\/section>\n\t\t\t\t<section class=\"elementor-section elementor-top-section elementor-element elementor-element-8d52e74 elementor-section-boxed elementor-section-height-default elementor-section-height-default\" data-id=\"8d52e74\" data-element_type=\"section\" data-e-type=\"section\">\n\t\t\t\t\t\t<div class=\"elementor-container elementor-column-gap-wide\">\n\t\t\t\t\t<div class=\"elementor-column elementor-col-100 elementor-top-column elementor-element elementor-element-79bb4cc\" data-id=\"79bb4cc\" data-element_type=\"column\" data-e-type=\"column\">\n\t\t\t<div class=\"elementor-widget-wrap elementor-element-populated\">\n\t\t\t\t\t\t<div class=\"elementor-element elementor-element-6867136 elementor-widget elementor-widget-heading\" data-id=\"6867136\" data-element_type=\"widget\" data-e-type=\"widget\" data-widget_type=\"heading.default\">\n\t\t\t\t<div class=\"elementor-widget-container\">\n\t\t\t\t\t<h3 class=\"elementor-heading-title elementor-size-default\">Formular de solicitare parteneriat\n<\/h3>\t\t\t\t<\/div>\n\t\t\t\t<\/div>\n\t\t\t\t<div class=\"elementor-element elementor-element-0c85cda elementor-button-align-stretch elementor-widget elementor-widget-form\" data-id=\"0c85cda\" data-element_type=\"widget\" data-e-type=\"widget\" data-settings=\"{&quot;step_next_label&quot;:&quot;Next&quot;,&quot;step_previous_label&quot;:&quot;Previous&quot;,&quot;button_width&quot;:&quot;100&quot;,&quot;step_type&quot;:&quot;number_text&quot;,&quot;step_icon_shape&quot;:&quot;circle&quot;}\" data-widget_type=\"form.default\">\n\t\t\t\t<div class=\"elementor-widget-container\">\n\t\t\t\t\t\t\t<form class=\"elementor-form\" method=\"post\" name=\"New Form\" aria-label=\"New Form\">\n\t\t\t<input type=\"hidden\" name=\"post_id\" value=\"89531\"\/>\n\t\t\t<input type=\"hidden\" name=\"form_id\" value=\"0c85cda\"\/>\n\t\t\t<input type=\"hidden\" name=\"referer_title\" value=\"Devino partener - Dux MD Pharma Solutions\" \/>\n\n\t\t\t\t\t\t\t<input type=\"hidden\" name=\"queried_id\" value=\"89531\"\/>\n\t\t\t\n\t\t\t<div class=\"elementor-form-fields-wrapper elementor-labels-above\">\n\t\t\t\t\t\t\t\t<div class=\"elementor-field-type-checkbox elementor-field-group elementor-column elementor-field-group-name elementor-col-50\">\n\t\t\t\t\t\t\t\t\t\t\t\t<label for=\"form-field-name\" class=\"elementor-field-label\">\n\t\t\t\t\t\t\t\tTip Solicitant\t\t\t\t\t\t\t<\/label>\n\t\t\t\t\t\t<div class=\"elementor-field-subgroup  \"><span class=\"elementor-field-option\"><input type=\"checkbox\" value=\"Asocia\u021bie\" id=\"form-field-name-0\" name=\"form_fields[name][]\"> <label for=\"form-field-name-0\">Asocia\u021bie<\/label><\/span><span class=\"elementor-field-option\"><input type=\"checkbox\" value=\"Clinic\u0103\" id=\"form-field-name-1\" name=\"form_fields[name][]\"> <label for=\"form-field-name-1\">Clinic\u0103<\/label><\/span><span class=\"elementor-field-option\"><input type=\"checkbox\" value=\"Comunitate\" id=\"form-field-name-2\" name=\"form_fields[name][]\"> <label for=\"form-field-name-2\">Comunitate<\/label><\/span><span class=\"elementor-field-option\"><input type=\"checkbox\" value=\"Reprezentant cu SRL\" id=\"form-field-name-3\" name=\"form_fields[name][]\"> <label for=\"form-field-name-3\">Reprezentant cu SRL<\/label><\/span><\/div>\t\t\t\t<\/div>\n\t\t\t\t\t\t\t\t<div class=\"elementor-field-type-checkbox elementor-field-group elementor-column elementor-field-group-field_5833750 elementor-col-50\">\n\t\t\t\t\t\t\t\t\t\t\t\t<label for=\"form-field-field_5833750\" class=\"elementor-field-label\">\n\t\t\t\t\t\t\t\tTip de Colaborare Dorit\t\t\t\t\t\t\t<\/label>\n\t\t\t\t\t\t<div class=\"elementor-field-subgroup  \"><span class=\"elementor-field-option\"><input type=\"checkbox\" value=\"Tip A \u2013 Facilitare acces\" id=\"form-field-field_5833750-0\" name=\"form_fields[field_5833750][]\"> <label for=\"form-field-field_5833750-0\">Tip A \u2013 Facilitare acces<\/label><\/span><span class=\"elementor-field-option\"><input type=\"checkbox\" value=\"Tip B \u2013 Facilitare + contribu\u021bie\" id=\"form-field-field_5833750-1\" name=\"form_fields[field_5833750][]\"> <label for=\"form-field-field_5833750-1\">Tip B \u2013 Facilitare + contribu\u021bie<\/label><\/span><span class=\"elementor-field-option\"><input type=\"checkbox\" value=\"Tip C \u2013 Sprijin caz social\" id=\"form-field-field_5833750-2\" name=\"form_fields[field_5833750][]\"> <label for=\"form-field-field_5833750-2\">Tip C \u2013 Sprijin caz social<\/label><\/span><\/div>\t\t\t\t<\/div>\n\t\t\t\t\t\t\t\t<div class=\"elementor-field-type-textarea elementor-field-group elementor-column elementor-field-group-message elementor-col-100\">\n\t\t\t\t\t\t\t\t\t\t\t\t<label for=\"form-field-message\" class=\"elementor-field-label\">\n\t\t\t\t\t\t\t\tDescriere activitate \u0219i comunitate\t\t\t\t\t\t\t<\/label>\n\t\t\t\t\t\t<textarea class=\"elementor-field-textual elementor-field  elementor-size-sm\" name=\"form_fields[message]\" id=\"form-field-message\" rows=\"2\" placeholder=\"Message\"><\/textarea>\t\t\t\t<\/div>\n\t\t\t\t\t\t\t\t<div class=\"elementor-field-type-acceptance elementor-field-group elementor-column elementor-field-group-email elementor-col-100 elementor-field-required\">\n\t\t\t\t\t\t\t\t\t\t\t\t<label for=\"form-field-email\" class=\"elementor-field-label\">\n\t\t\t\t\t\t\t\tDeclara\u021bie\t\t\t\t\t\t\t<\/label>\n\t\t\t\t\t\t\t\t<div class=\"elementor-field-subgroup\">\n\t\t\t<span class=\"elementor-field-option\">\n\t\t\t\t<input type=\"checkbox\" name=\"form_fields[email]\" id=\"form-field-email\" class=\"elementor-field elementor-size-sm  elementor-acceptance-field\" required=\"required\">\n\t\t\t\t<label for=\"form-field-email\">\u201eConfirm c\u0103 solicitarea nu implic\u0103 promovare comercial\u0103, recomand\u0103ri medicale sau beneficii personale pentru profesioni\u0219ti din domeniul s\u0103n\u0103t\u0103\u021bii.\u201d<\/label>\t\t\t<\/span>\n\t\t<\/div>\n\t\t\t\t\t\t<\/div>\n\t\t\t\t\t\t\t\t<div class=\"elementor-field-group elementor-column elementor-field-type-submit elementor-col-100 e-form__buttons\">\n\t\t\t\t\t<button class=\"elementor-button elementor-size-sm\" type=\"submit\">\n\t\t\t\t\t\t<span class=\"elementor-button-content-wrapper\">\n\t\t\t\t\t\t\t\t\t\t\t\t\t\t\t\t\t\t\t\t\t\t<span class=\"elementor-button-text\">Trimite solicitarea<\/span>\n\t\t\t\t\t\t\t\t\t\t\t\t\t<\/span>\n\t\t\t\t\t<\/button>\n\t\t\t\t<\/div>\n\t\t\t<\/div>\n\t\t<\/form>\n\t\t\t\t\t\t<\/div>\n\t\t\t\t<\/div>\n\t\t\t\t\t<\/div>\n\t\t<\/div>\n\t\t\t\t\t<\/div>\n\t\t<\/section>\n\t\t\t\t<section class=\"elementor-section elementor-top-section elementor-element elementor-element-c46b31e elementor-section-boxed elementor-section-height-default elementor-section-height-default\" data-id=\"c46b31e\" data-element_type=\"section\" data-e-type=\"section\">\n\t\t\t\t\t\t<div class=\"elementor-container elementor-column-gap-wide\">\n\t\t\t\t\t<div class=\"elementor-column elementor-col-100 elementor-top-column elementor-element elementor-element-067ad73\" data-id=\"067ad73\" data-element_type=\"column\" data-e-type=\"column\">\n\t\t\t<div class=\"elementor-widget-wrap elementor-element-populated\">\n\t\t\t\t\t\t<div class=\"elementor-element elementor-element-1ea0385 elementor-widget elementor-widget-text-editor\" data-id=\"1ea0385\" data-element_type=\"widget\" data-e-type=\"widget\" data-widget_type=\"text-editor.default\">\n\t\t\t\t<div class=\"elementor-widget-container\">\n\t\t\t\t\t\t\t\t\t<h5><em><strong>Not\u0103 privind eligibilitatea<\/strong><\/em><\/h5><p><em>Solicit\u0103rile sunt evaluate \u00een baza criteriilor interne ale Programului CSR.<\/em><br \/><em>\u00cen cazul \u00een care o solicitare nu se \u00eencadreaz\u0103 \u00een criteriile active, solicitantul va fi informat corespunz\u0103tor.<\/em><\/p>\t\t\t\t\t\t\t\t<\/div>\n\t\t\t\t<\/div>\n\t\t\t\t\t<\/div>\n\t\t<\/div>\n\t\t\t\t\t<\/div>\n\t\t<\/section>\n\t\t\t\t<\/div>\n\t\t","protected":false},"excerpt":{"rendered":"<p>Devino partener \u00een Subprogramul \u2013 Aria Fertilitate Programul de Sprijin pentru Pacien\u021bi \u2013 Responsabilitate Social\u0103 DUX Cui se adreseaz\u0103 Asocia\u021bii de pacien\u021bi (ONG) Clinici \/ unit\u0103\u021bi medicale Comunit\u0103\u021bi tematice Reprezentan\u021bi de comunitate (inclusiv prin SRL) Tipuri de colaborare disponibile \ud83d\udd39 Tip A \u2013 Facilitare acces pacien\u021bi cod de acces pentru comunitate; comunicare institu\u021bional\u0103 privind existen\u021ba&hellip;<\/p>","protected":false},"author":2,"featured_media":0,"parent":89480,"menu_order":40,"comment_status":"closed","ping_status":"closed","template":"","meta":{"footnotes":""},"class_list":["post-89531","page","type-page","status-publish","hentry"],"yoast_head":"<!-- This site is optimized with the Yoast SEO plugin v27.5 - https:\/\/yoast.com\/product\/yoast-seo-wordpress\/ -->\n<title>Devino partener - Dux MD Pharma Solutions<\/title>\n<meta name=\"robots\" content=\"index, follow, max-snippet:-1, max-image-preview:large, max-video-preview:-1\" \/>\n<link rel=\"canonical\" href=\"https:\/\/duxmd.ro\/en\/responsabilitate-sociala\/program-sprijin-pacienti\/devino-partener\/\" \/>\n<meta property=\"og:locale\" content=\"en_US\" \/>\n<meta property=\"og:type\" content=\"article\" \/>\n<meta property=\"og:title\" content=\"Devino partener - Dux MD Pharma Solutions\" \/>\n<meta property=\"og:description\" content=\"Devino partener \u00een Subprogramul \u2013 Aria Fertilitate Programul de Sprijin pentru Pacien\u021bi \u2013 Responsabilitate Social\u0103 DUX Cui se adreseaz\u0103 Asocia\u021bii de pacien\u021bi (ONG) Clinici \/ unit\u0103\u021bi medicale Comunit\u0103\u021bi tematice Reprezentan\u021bi de comunitate (inclusiv prin SRL) Tipuri de colaborare disponibile \ud83d\udd39 Tip A \u2013 Facilitare acces pacien\u021bi cod de acces pentru comunitate; comunicare institu\u021bional\u0103 privind existen\u021ba&hellip;\" \/>\n<meta property=\"og:url\" content=\"https:\/\/duxmd.ro\/en\/responsabilitate-sociala\/program-sprijin-pacienti\/devino-partener\/\" \/>\n<meta property=\"og:site_name\" content=\"Dux MD Pharma Solutions\" \/>\n<meta property=\"article:modified_time\" content=\"2026-03-06T15:01:32+00:00\" \/>\n<meta name=\"twitter:card\" content=\"summary_large_image\" \/>\n<meta name=\"twitter:label1\" content=\"Est. reading time\" \/>\n\t<meta name=\"twitter:data1\" content=\"2 minutes\" \/>\n<script type=\"application\/ld+json\" class=\"yoast-schema-graph\">{\"@context\":\"https:\\\/\\\/schema.org\",\"@graph\":[{\"@type\":\"WebPage\",\"@id\":\"https:\\\/\\\/duxmd.ro\\\/responsabilitate-sociala\\\/program-sprijin-pacienti\\\/devino-partener\\\/\",\"url\":\"https:\\\/\\\/duxmd.ro\\\/responsabilitate-sociala\\\/program-sprijin-pacienti\\\/devino-partener\\\/\",\"name\":\"Devino partener - Dux MD Pharma Solutions\",\"isPartOf\":{\"@id\":\"https:\\\/\\\/duxmd.ro\\\/#website\"},\"datePublished\":\"2026-03-06T14:39:16+00:00\",\"dateModified\":\"2026-03-06T15:01:32+00:00\",\"breadcrumb\":{\"@id\":\"https:\\\/\\\/duxmd.ro\\\/responsabilitate-sociala\\\/program-sprijin-pacienti\\\/devino-partener\\\/#breadcrumb\"},\"inLanguage\":\"en-US\",\"potentialAction\":[{\"@type\":\"ReadAction\",\"target\":[\"https:\\\/\\\/duxmd.ro\\\/responsabilitate-sociala\\\/program-sprijin-pacienti\\\/devino-partener\\\/\"]}]},{\"@type\":\"BreadcrumbList\",\"@id\":\"https:\\\/\\\/duxmd.ro\\\/responsabilitate-sociala\\\/program-sprijin-pacienti\\\/devino-partener\\\/#breadcrumb\",\"itemListElement\":[{\"@type\":\"ListItem\",\"position\":1,\"name\":\"Home\",\"item\":\"https:\\\/\\\/duxmd.ro\\\/\"},{\"@type\":\"ListItem\",\"position\":2,\"name\":\"Responsabilitate &#038; ini\u021biative\",\"item\":\"https:\\\/\\\/duxmd.ro\\\/responsabilitate-sociala\\\/\"},{\"@type\":\"ListItem\",\"position\":3,\"name\":\"Program Sprijin Pacienti\",\"item\":\"https:\\\/\\\/duxmd.ro\\\/responsabilitate-sociala\\\/program-sprijin-pacienti\\\/\"},{\"@type\":\"ListItem\",\"position\":4,\"name\":\"Devino partener\"}]},{\"@type\":\"WebSite\",\"@id\":\"https:\\\/\\\/duxmd.ro\\\/#website\",\"url\":\"https:\\\/\\\/duxmd.ro\\\/\",\"name\":\"Dux MD Pharma Solutions\",\"description\":\"\",\"publisher\":{\"@id\":\"https:\\\/\\\/duxmd.ro\\\/#organization\"},\"potentialAction\":[{\"@type\":\"SearchAction\",\"target\":{\"@type\":\"EntryPoint\",\"urlTemplate\":\"https:\\\/\\\/duxmd.ro\\\/?s={search_term_string}\"},\"query-input\":{\"@type\":\"PropertyValueSpecification\",\"valueRequired\":true,\"valueName\":\"search_term_string\"}}],\"inLanguage\":\"en-US\"},{\"@type\":\"Organization\",\"@id\":\"https:\\\/\\\/duxmd.ro\\\/#organization\",\"name\":\"Dux MD Pharma Solutions\",\"url\":\"https:\\\/\\\/duxmd.ro\\\/\",\"logo\":{\"@type\":\"ImageObject\",\"inLanguage\":\"en-US\",\"@id\":\"https:\\\/\\\/duxmd.ro\\\/#\\\/schema\\\/logo\\\/image\\\/\",\"url\":\"https:\\\/\\\/duxmd.ro\\\/wp-content\\\/uploads\\\/2024\\\/05\\\/LOGO_DuxMD_pt.WEB-1.png\",\"contentUrl\":\"https:\\\/\\\/duxmd.ro\\\/wp-content\\\/uploads\\\/2024\\\/05\\\/LOGO_DuxMD_pt.WEB-1.png\",\"width\":800,\"height\":309,\"caption\":\"Dux MD Pharma Solutions\"},\"image\":{\"@id\":\"https:\\\/\\\/duxmd.ro\\\/#\\\/schema\\\/logo\\\/image\\\/\"}}]}<\/script>\n<!-- \/ Yoast SEO plugin. -->","yoast_head_json":{"title":"Devino partener - Dux MD Pharma Solutions","robots":{"index":"index","follow":"follow","max-snippet":"max-snippet:-1","max-image-preview":"max-image-preview:large","max-video-preview":"max-video-preview:-1"},"canonical":"https:\/\/duxmd.ro\/en\/responsabilitate-sociala\/program-sprijin-pacienti\/devino-partener\/","og_locale":"en_US","og_type":"article","og_title":"Devino partener - Dux MD Pharma Solutions","og_description":"Devino partener \u00een Subprogramul \u2013 Aria Fertilitate Programul de Sprijin pentru Pacien\u021bi \u2013 Responsabilitate Social\u0103 DUX Cui se adreseaz\u0103 Asocia\u021bii de pacien\u021bi (ONG) Clinici \/ unit\u0103\u021bi medicale Comunit\u0103\u021bi tematice Reprezentan\u021bi de comunitate (inclusiv prin SRL) Tipuri de colaborare disponibile \ud83d\udd39 Tip A \u2013 Facilitare acces pacien\u021bi cod de acces pentru comunitate; comunicare institu\u021bional\u0103 privind existen\u021ba&hellip;","og_url":"https:\/\/duxmd.ro\/en\/responsabilitate-sociala\/program-sprijin-pacienti\/devino-partener\/","og_site_name":"Dux MD Pharma Solutions","article_modified_time":"2026-03-06T15:01:32+00:00","twitter_card":"summary_large_image","twitter_misc":{"Est. reading time":"2 minutes"},"schema":{"@context":"https:\/\/schema.org","@graph":[{"@type":"WebPage","@id":"https:\/\/duxmd.ro\/responsabilitate-sociala\/program-sprijin-pacienti\/devino-partener\/","url":"https:\/\/duxmd.ro\/responsabilitate-sociala\/program-sprijin-pacienti\/devino-partener\/","name":"Devino partener - Dux MD Pharma Solutions","isPartOf":{"@id":"https:\/\/duxmd.ro\/#website"},"datePublished":"2026-03-06T14:39:16+00:00","dateModified":"2026-03-06T15:01:32+00:00","breadcrumb":{"@id":"https:\/\/duxmd.ro\/responsabilitate-sociala\/program-sprijin-pacienti\/devino-partener\/#breadcrumb"},"inLanguage":"en-US","potentialAction":[{"@type":"ReadAction","target":["https:\/\/duxmd.ro\/responsabilitate-sociala\/program-sprijin-pacienti\/devino-partener\/"]}]},{"@type":"BreadcrumbList","@id":"https:\/\/duxmd.ro\/responsabilitate-sociala\/program-sprijin-pacienti\/devino-partener\/#breadcrumb","itemListElement":[{"@type":"ListItem","position":1,"name":"Home","item":"https:\/\/duxmd.ro\/"},{"@type":"ListItem","position":2,"name":"Responsabilitate &#038; ini\u021biative","item":"https:\/\/duxmd.ro\/responsabilitate-sociala\/"},{"@type":"ListItem","position":3,"name":"Program Sprijin Pacienti","item":"https:\/\/duxmd.ro\/responsabilitate-sociala\/program-sprijin-pacienti\/"},{"@type":"ListItem","position":4,"name":"Devino partener"}]},{"@type":"WebSite","@id":"https:\/\/duxmd.ro\/#website","url":"https:\/\/duxmd.ro\/","name":"Dux MD Pharma Solutions","description":"","publisher":{"@id":"https:\/\/duxmd.ro\/#organization"},"potentialAction":[{"@type":"SearchAction","target":{"@type":"EntryPoint","urlTemplate":"https:\/\/duxmd.ro\/?s={search_term_string}"},"query-input":{"@type":"PropertyValueSpecification","valueRequired":true,"valueName":"search_term_string"}}],"inLanguage":"en-US"},{"@type":"Organization","@id":"https:\/\/duxmd.ro\/#organization","name":"Dux MD Pharma Solutions","url":"https:\/\/duxmd.ro\/","logo":{"@type":"ImageObject","inLanguage":"en-US","@id":"https:\/\/duxmd.ro\/#\/schema\/logo\/image\/","url":"https:\/\/duxmd.ro\/wp-content\/uploads\/2024\/05\/LOGO_DuxMD_pt.WEB-1.png","contentUrl":"https:\/\/duxmd.ro\/wp-content\/uploads\/2024\/05\/LOGO_DuxMD_pt.WEB-1.png","width":800,"height":309,"caption":"Dux MD Pharma Solutions"},"image":{"@id":"https:\/\/duxmd.ro\/#\/schema\/logo\/image\/"}}]}},"_links":{"self":[{"href":"https:\/\/duxmd.ro\/en\/wp-json\/wp\/v2\/pages\/89531","targetHints":{"allow":["GET"]}}],"collection":[{"href":"https:\/\/duxmd.ro\/en\/wp-json\/wp\/v2\/pages"}],"about":[{"href":"https:\/\/duxmd.ro\/en\/wp-json\/wp\/v2\/types\/page"}],"author":[{"embeddable":true,"href":"https:\/\/duxmd.ro\/en\/wp-json\/wp\/v2\/users\/2"}],"replies":[{"embeddable":true,"href":"https:\/\/duxmd.ro\/en\/wp-json\/wp\/v2\/comments?post=89531"}],"version-history":[{"count":25,"href":"https:\/\/duxmd.ro\/en\/wp-json\/wp\/v2\/pages\/89531\/revisions"}],"predecessor-version":[{"id":89558,"href":"https:\/\/duxmd.ro\/en\/wp-json\/wp\/v2\/pages\/89531\/revisions\/89558"}],"up":[{"embeddable":true,"href":"https:\/\/duxmd.ro\/en\/wp-json\/wp\/v2\/pages\/89480"}],"wp:attachment":[{"href":"https:\/\/duxmd.ro\/en\/wp-json\/wp\/v2\/media?parent=89531"}],"curies":[{"name":"wp","href":"https:\/\/api.w.org\/{rel}","templated":true}]}}