{"id":89931,"date":"2026-04-15T13:49:33","date_gmt":"2026-04-15T13:49:33","guid":{"rendered":"https:\/\/duxmd.ro\/?page_id=89931"},"modified":"2026-05-14T08:02:53","modified_gmt":"2026-05-14T08:02:53","slug":"mediu-sustenabilitate","status":"publish","type":"page","link":"https:\/\/duxmd.ro\/en\/responsabilitate-sociala\/mediu-sustenabilitate\/","title":{"rendered":"Environment-Sustainability"},"content":{"rendered":"<div data-elementor-type=\"wp-page\" data-elementor-id=\"89931\" class=\"elementor elementor-89931\" data-elementor-post-type=\"page\">\n\t\t\t\t\t\t<section class=\"elementor-section elementor-top-section elementor-element elementor-element-d9e12c2 elementor-section-boxed elementor-section-height-default elementor-section-height-default\" data-id=\"d9e12c2\" data-element_type=\"section\" data-e-type=\"section\">\n\t\t\t\t\t\t<div class=\"elementor-container elementor-column-gap-wide\">\n\t\t\t\t\t<div class=\"elementor-column elementor-col-100 elementor-top-column elementor-element elementor-element-49b4671\" data-id=\"49b4671\" data-element_type=\"column\" data-e-type=\"column\">\n\t\t\t<div class=\"elementor-widget-wrap elementor-element-populated\">\n\t\t\t\t\t\t<div class=\"elementor-element elementor-element-0757b0c elementor-widget elementor-widget-heading\" data-id=\"0757b0c\" data-element_type=\"widget\" data-e-type=\"widget\" data-widget_type=\"heading.default\">\n\t\t\t\t<div class=\"elementor-widget-container\">\n\t\t\t\t\t<h3 class=\"elementor-heading-title elementor-size-default\">Program CSR Mediu - Sustenabilitate\n<\/br>Adopt\u0103 un Copac<\/h3>\t\t\t\t<\/div>\n\t\t\t\t<\/div>\n\t\t\t\t<div class=\"elementor-element elementor-element-7a68b90 elementor-widget elementor-widget-text-editor\" data-id=\"7a68b90\" data-element_type=\"widget\" data-e-type=\"widget\" data-widget_type=\"text-editor.default\">\n\t\t\t\t<div class=\"elementor-widget-container\">\n\t\t\t\t\t\t\t\t\t<h5>Aprilie 2026<\/h5><h5>Dux MD Pharma Solutions &amp; Asocia\u021bia Viitor Plus<\/h5>\t\t\t\t\t\t\t\t<\/div>\n\t\t\t\t<\/div>\n\t\t\t\t<div class=\"elementor-element elementor-element-d42bd9f elementor-widget elementor-widget-text-editor\" data-id=\"d42bd9f\" data-element_type=\"widget\" data-e-type=\"widget\" data-widget_type=\"text-editor.default\">\n\t\t\t\t<div class=\"elementor-widget-container\">\n\t\t\t\t\t\t\t\t\t<p>\u00cen cadrul ini\u021biativei de responsabilitate social\u0103 DUX (CSR \/ ESG), dedicat\u0103 <strong>protec\u021biei mediului \u0219i promov\u0103rii sustenabilit\u0103\u021bii<\/strong>, Dux MD Pharma Solutions a sus\u021binut programul \u201eAdopt\u0103 un Copac\u201d, derulat de Asocia\u021bia Viitor Plus.<\/p><p><strong>\u201eAdopt\u0103 un Copac\u201d<\/strong> este un program de \u00eemp\u0103duriri \u0219i educa\u021bie ecologic\u0103, prin care <strong>se planteaz\u0103 p\u0103duri noi<\/strong>, se asigur\u0103 \u00eengrijirea acestora p\u00e2n\u0103 la maturitate \u0219i se desf\u0103\u0219oar\u0103 activit\u0103\u021bi de informare a comunit\u0103\u021bilor locale privind importan\u021ba p\u0103durilor \u0219i modalit\u0103\u021bile corecte de protejare a acestora.<\/p><p>Prin implicarea \u00een acest program, compania contribuie direct la extinderea suprafe\u021belor \u00eemp\u0103durite \u0219i la sprijinirea unui mediu mai s\u0103n\u0103tos \u0219i mai echilibrat pentru genera\u021biile viitoare.<\/p><p>Pentru fiecare dona\u021bie realizat\u0103, participan\u021bii au primit pe e-mail un certificat de adop\u021bie pentru un puiet, simbol al contribu\u021biei lor la acest demers de re\u00eemp\u0103durire.<\/p>\t\t\t\t\t\t\t\t<\/div>\n\t\t\t\t<\/div>\n\t\t\t\t<div class=\"elementor-element elementor-element-18c10ad elementor-arrows-position-inside elementor-pagination-position-outside elementor-widget elementor-widget-image-carousel\" data-id=\"18c10ad\" data-element_type=\"widget\" data-e-type=\"widget\" data-settings=\"{&quot;navigation&quot;:&quot;both&quot;,&quot;autoplay&quot;:&quot;yes&quot;,&quot;pause_on_hover&quot;:&quot;yes&quot;,&quot;pause_on_interaction&quot;:&quot;yes&quot;,&quot;autoplay_speed&quot;:5000,&quot;infinite&quot;:&quot;yes&quot;,&quot;speed&quot;:500}\" data-widget_type=\"image-carousel.default\">\n\t\t\t\t<div class=\"elementor-widget-container\">\n\t\t\t\t\t\t\t<div class=\"elementor-image-carousel-wrapper swiper\" role=\"region\" aria-roledescription=\"carousel\" aria-label=\"Image Carousel\" dir=\"ltr\">\n\t\t\t<div class=\"elementor-image-carousel swiper-wrapper\" aria-live=\"off\">\n\t\t\t\t\t\t\t\t<div class=\"swiper-slide\" role=\"group\" aria-roledescription=\"slide\" aria-label=\"1 of 5\" data-no-translation-aria-label=\"\"><figure class=\"swiper-slide-inner\"><img decoding=\"async\" class=\"swiper-slide-image\" src=\"https:\/\/duxmd.ro\/wp-content\/uploads\/2026\/05\/1-768x1152.jpeg\" alt=\"1\" \/><\/figure><\/div><div class=\"swiper-slide\" role=\"group\" aria-roledescription=\"slide\" aria-label=\"2 of 5\" data-no-translation-aria-label=\"\"><figure class=\"swiper-slide-inner\"><img decoding=\"async\" class=\"swiper-slide-image\" src=\"https:\/\/duxmd.ro\/wp-content\/uploads\/2026\/05\/2-768x1152.jpeg\" alt=\"2\" \/><\/figure><\/div><div class=\"swiper-slide\" role=\"group\" aria-roledescription=\"slide\" aria-label=\"3 of 5\" data-no-translation-aria-label=\"\"><figure class=\"swiper-slide-inner\"><img decoding=\"async\" class=\"swiper-slide-image\" src=\"https:\/\/duxmd.ro\/wp-content\/uploads\/2026\/05\/3-768x1152.jpeg\" alt=\"3\" \/><\/figure><\/div><div class=\"swiper-slide\" role=\"group\" aria-roledescription=\"slide\" aria-label=\"4 of 5\" data-no-translation-aria-label=\"\"><figure class=\"swiper-slide-inner\"><img decoding=\"async\" class=\"swiper-slide-image\" src=\"https:\/\/duxmd.ro\/wp-content\/uploads\/2026\/05\/4-768x1152.jpeg\" alt=\"4\" \/><\/figure><\/div><div class=\"swiper-slide\" role=\"group\" aria-roledescription=\"slide\" aria-label=\"5 of 5\" data-no-translation-aria-label=\"\"><figure class=\"swiper-slide-inner\"><img decoding=\"async\" class=\"swiper-slide-image\" src=\"https:\/\/duxmd.ro\/wp-content\/uploads\/2026\/05\/5-768x1152.jpeg\" alt=\"5\" \/><\/figure><\/div>\t\t\t<\/div>\n\t\t\t\t\t\t\t\t\t\t\t\t<div class=\"elementor-swiper-button elementor-swiper-button-prev\" role=\"button\" tabindex=\"0\">\n\t\t\t\t\t\t<svg aria-hidden=\"true\" class=\"e-font-icon-svg e-eicon-chevron-left\" viewbox=\"0 0 1000 1000\" xmlns=\"http:\/\/www.w3.org\/2000\/svg\"><path d=\"M646 125C629 125 613 133 604 142L308 442C296 454 292 471 292 487 292 504 296 521 308 533L604 854C617 867 629 875 646 875 663 875 679 871 692 858 704 846 713 829 713 812 713 796 708 779 692 767L438 487 692 225C700 217 708 204 708 187 708 171 704 154 692 142 675 129 663 125 646 125Z\"><\/path><\/svg>\t\t\t\t\t<\/div>\n\t\t\t\t\t<div class=\"elementor-swiper-button elementor-swiper-button-next\" role=\"button\" tabindex=\"0\">\n\t\t\t\t\t\t<svg aria-hidden=\"true\" class=\"e-font-icon-svg e-eicon-chevron-right\" viewbox=\"0 0 1000 1000\" xmlns=\"http:\/\/www.w3.org\/2000\/svg\"><path d=\"M696 533C708 521 713 504 713 487 713 471 708 454 696 446L400 146C388 133 375 125 354 125 338 125 325 129 313 142 300 154 292 171 292 187 292 204 296 221 308 233L563 492 304 771C292 783 288 800 288 817 288 833 296 850 308 863 321 871 338 875 354 875 371 875 388 867 400 854L696 533Z\"><\/path><\/svg>\t\t\t\t\t<\/div>\n\t\t\t\t\n\t\t\t\t\t\t\t\t\t<div class=\"swiper-pagination\"><\/div>\n\t\t\t\t\t\t\t\t\t<\/div>\n\t\t\t\t\t\t<\/div>\n\t\t\t\t<\/div>\n\t\t\t\t\t<\/div>\n\t\t<\/div>\n\t\t\t\t\t<\/div>\n\t\t<\/section>\n\t\t\t\t<\/div>","protected":false},"excerpt":{"rendered":"<p>Program CSR Mediu &#8211; Sustenabilitate Adopt\u0103 un Copac Aprilie 2026 Dux MD Pharma Solutions &amp; Asocia\u021bia Viitor Plus \u00cen cadrul ini\u021biativei de responsabilitate social\u0103 DUX (CSR \/ ESG), dedicat\u0103 protec\u021biei mediului \u0219i promov\u0103rii sustenabilit\u0103\u021bii, Dux MD Pharma Solutions a sus\u021binut programul \u201eAdopt\u0103 un Copac\u201d, derulat de Asocia\u021bia Viitor Plus. \u201eAdopt\u0103 un Copac\u201d este un program&hellip;<\/p>","protected":false},"author":2,"featured_media":0,"parent":89335,"menu_order":40,"comment_status":"closed","ping_status":"closed","template":"","meta":{"footnotes":""},"class_list":["post-89931","page","type-page","status-publish","hentry"],"yoast_head":"<!-- This site is optimized with the Yoast SEO plugin v27.5 - https:\/\/yoast.com\/product\/yoast-seo-wordpress\/ -->\n<title>Mediu-Sustenabilitate - Dux MD Pharma Solutions<\/title>\n<meta name=\"robots\" content=\"index, follow, max-snippet:-1, max-image-preview:large, max-video-preview:-1\" \/>\n<link rel=\"canonical\" href=\"https:\/\/duxmd.ro\/en\/responsabilitate-sociala\/mediu-sustenabilitate\/\" \/>\n<meta property=\"og:locale\" content=\"en_US\" \/>\n<meta property=\"og:type\" content=\"article\" \/>\n<meta property=\"og:title\" content=\"Mediu-Sustenabilitate - Dux MD Pharma Solutions\" \/>\n<meta property=\"og:description\" content=\"Program CSR Mediu &#8211; Sustenabilitate Adopt\u0103 un Copac Aprilie 2026 Dux MD Pharma Solutions &amp; Asocia\u021bia Viitor Plus \u00cen cadrul ini\u021biativei de responsabilitate social\u0103 DUX (CSR \/ ESG), dedicat\u0103 protec\u021biei mediului \u0219i promov\u0103rii sustenabilit\u0103\u021bii, Dux MD Pharma Solutions a sus\u021binut programul \u201eAdopt\u0103 un Copac\u201d, derulat de Asocia\u021bia Viitor Plus. \u201eAdopt\u0103 un Copac\u201d este un program&hellip;\" \/>\n<meta property=\"og:url\" content=\"https:\/\/duxmd.ro\/en\/responsabilitate-sociala\/mediu-sustenabilitate\/\" \/>\n<meta property=\"og:site_name\" content=\"Dux MD Pharma Solutions\" \/>\n<meta property=\"article:modified_time\" content=\"2026-05-14T08:02:53+00:00\" \/>\n<meta property=\"og:image\" content=\"https:\/\/duxmd.ro\/wp-content\/uploads\/2026\/05\/1-768x1152.jpeg?_t=1778745773\" \/>\n<meta name=\"twitter:card\" content=\"summary_large_image\" \/>\n<meta name=\"twitter:label1\" content=\"Est. reading time\" \/>\n\t<meta name=\"twitter:data1\" content=\"3 minutes\" \/>\n<script type=\"application\/ld+json\" class=\"yoast-schema-graph\">{\"@context\":\"https:\\\/\\\/schema.org\",\"@graph\":[{\"@type\":\"WebPage\",\"@id\":\"https:\\\/\\\/duxmd.ro\\\/responsabilitate-sociala\\\/mediu-sustenabilitate\\\/\",\"url\":\"https:\\\/\\\/duxmd.ro\\\/responsabilitate-sociala\\\/mediu-sustenabilitate\\\/\",\"name\":\"Mediu-Sustenabilitate - Dux MD Pharma Solutions\",\"isPartOf\":{\"@id\":\"https:\\\/\\\/duxmd.ro\\\/#website\"},\"primaryImageOfPage\":{\"@id\":\"https:\\\/\\\/duxmd.ro\\\/responsabilitate-sociala\\\/mediu-sustenabilitate\\\/#primaryimage\"},\"image\":{\"@id\":\"https:\\\/\\\/duxmd.ro\\\/responsabilitate-sociala\\\/mediu-sustenabilitate\\\/#primaryimage\"},\"thumbnailUrl\":\"https:\\\/\\\/duxmd.ro\\\/wp-content\\\/uploads\\\/2026\\\/05\\\/1-768x1152.jpeg?_t=1778745773\",\"datePublished\":\"2026-04-15T13:49:33+00:00\",\"dateModified\":\"2026-05-14T08:02:53+00:00\",\"breadcrumb\":{\"@id\":\"https:\\\/\\\/duxmd.ro\\\/responsabilitate-sociala\\\/mediu-sustenabilitate\\\/#breadcrumb\"},\"inLanguage\":\"en-US\",\"potentialAction\":[{\"@type\":\"ReadAction\",\"target\":[\"https:\\\/\\\/duxmd.ro\\\/responsabilitate-sociala\\\/mediu-sustenabilitate\\\/\"]}]},{\"@type\":\"ImageObject\",\"inLanguage\":\"en-US\",\"@id\":\"https:\\\/\\\/duxmd.ro\\\/responsabilitate-sociala\\\/mediu-sustenabilitate\\\/#primaryimage\",\"url\":\"https:\\\/\\\/duxmd.ro\\\/wp-content\\\/uploads\\\/2026\\\/05\\\/1-768x1152.jpeg?_t=1778745773\",\"contentUrl\":\"https:\\\/\\\/duxmd.ro\\\/wp-content\\\/uploads\\\/2026\\\/05\\\/1-768x1152.jpeg?_t=1778745773\"},{\"@type\":\"BreadcrumbList\",\"@id\":\"https:\\\/\\\/duxmd.ro\\\/responsabilitate-sociala\\\/mediu-sustenabilitate\\\/#breadcrumb\",\"itemListElement\":[{\"@type\":\"ListItem\",\"position\":1,\"name\":\"Home\",\"item\":\"https:\\\/\\\/duxmd.ro\\\/\"},{\"@type\":\"ListItem\",\"position\":2,\"name\":\"Responsabilitate &#038; ini\u021biative\",\"item\":\"https:\\\/\\\/duxmd.ro\\\/responsabilitate-sociala\\\/\"},{\"@type\":\"ListItem\",\"position\":3,\"name\":\"Mediu-Sustenabilitate\"}]},{\"@type\":\"WebSite\",\"@id\":\"https:\\\/\\\/duxmd.ro\\\/#website\",\"url\":\"https:\\\/\\\/duxmd.ro\\\/\",\"name\":\"Dux MD Pharma Solutions\",\"description\":\"\",\"publisher\":{\"@id\":\"https:\\\/\\\/duxmd.ro\\\/#organization\"},\"potentialAction\":[{\"@type\":\"SearchAction\",\"target\":{\"@type\":\"EntryPoint\",\"urlTemplate\":\"https:\\\/\\\/duxmd.ro\\\/?s={search_term_string}\"},\"query-input\":{\"@type\":\"PropertyValueSpecification\",\"valueRequired\":true,\"valueName\":\"search_term_string\"}}],\"inLanguage\":\"en-US\"},{\"@type\":\"Organization\",\"@id\":\"https:\\\/\\\/duxmd.ro\\\/#organization\",\"name\":\"Dux MD Pharma Solutions\",\"url\":\"https:\\\/\\\/duxmd.ro\\\/\",\"logo\":{\"@type\":\"ImageObject\",\"inLanguage\":\"en-US\",\"@id\":\"https:\\\/\\\/duxmd.ro\\\/#\\\/schema\\\/logo\\\/image\\\/\",\"url\":\"https:\\\/\\\/duxmd.ro\\\/wp-content\\\/uploads\\\/2024\\\/05\\\/LOGO_DuxMD_pt.WEB-1.png\",\"contentUrl\":\"https:\\\/\\\/duxmd.ro\\\/wp-content\\\/uploads\\\/2024\\\/05\\\/LOGO_DuxMD_pt.WEB-1.png\",\"width\":800,\"height\":309,\"caption\":\"Dux MD Pharma Solutions\"},\"image\":{\"@id\":\"https:\\\/\\\/duxmd.ro\\\/#\\\/schema\\\/logo\\\/image\\\/\"}}]}<\/script>\n<!-- \/ Yoast SEO plugin. -->","yoast_head_json":{"title":"Mediu-Sustenabilitate - Dux MD Pharma Solutions","robots":{"index":"index","follow":"follow","max-snippet":"max-snippet:-1","max-image-preview":"max-image-preview:large","max-video-preview":"max-video-preview:-1"},"canonical":"https:\/\/duxmd.ro\/en\/responsabilitate-sociala\/mediu-sustenabilitate\/","og_locale":"en_US","og_type":"article","og_title":"Mediu-Sustenabilitate - Dux MD Pharma Solutions","og_description":"Program CSR Mediu &#8211; Sustenabilitate Adopt\u0103 un Copac Aprilie 2026 Dux MD Pharma Solutions &amp; Asocia\u021bia Viitor Plus \u00cen cadrul ini\u021biativei de responsabilitate social\u0103 DUX (CSR \/ ESG), dedicat\u0103 protec\u021biei mediului \u0219i promov\u0103rii sustenabilit\u0103\u021bii, Dux MD Pharma Solutions a sus\u021binut programul \u201eAdopt\u0103 un Copac\u201d, derulat de Asocia\u021bia Viitor Plus. \u201eAdopt\u0103 un Copac\u201d este un program&hellip;","og_url":"https:\/\/duxmd.ro\/en\/responsabilitate-sociala\/mediu-sustenabilitate\/","og_site_name":"Dux MD Pharma Solutions","article_modified_time":"2026-05-14T08:02:53+00:00","og_image":[{"url":"https:\/\/duxmd.ro\/wp-content\/uploads\/2026\/05\/1-768x1152.jpeg?_t=1778745773","type":"","width":"","height":""}],"twitter_card":"summary_large_image","twitter_misc":{"Est. reading time":"3 minutes"},"schema":{"@context":"https:\/\/schema.org","@graph":[{"@type":"WebPage","@id":"https:\/\/duxmd.ro\/responsabilitate-sociala\/mediu-sustenabilitate\/","url":"https:\/\/duxmd.ro\/responsabilitate-sociala\/mediu-sustenabilitate\/","name":"Mediu-Sustenabilitate - Dux MD Pharma Solutions","isPartOf":{"@id":"https:\/\/duxmd.ro\/#website"},"primaryImageOfPage":{"@id":"https:\/\/duxmd.ro\/responsabilitate-sociala\/mediu-sustenabilitate\/#primaryimage"},"image":{"@id":"https:\/\/duxmd.ro\/responsabilitate-sociala\/mediu-sustenabilitate\/#primaryimage"},"thumbnailUrl":"https:\/\/duxmd.ro\/wp-content\/uploads\/2026\/05\/1-768x1152.jpeg?_t=1778745773","datePublished":"2026-04-15T13:49:33+00:00","dateModified":"2026-05-14T08:02:53+00:00","breadcrumb":{"@id":"https:\/\/duxmd.ro\/responsabilitate-sociala\/mediu-sustenabilitate\/#breadcrumb"},"inLanguage":"en-US","potentialAction":[{"@type":"ReadAction","target":["https:\/\/duxmd.ro\/responsabilitate-sociala\/mediu-sustenabilitate\/"]}]},{"@type":"ImageObject","inLanguage":"en-US","@id":"https:\/\/duxmd.ro\/responsabilitate-sociala\/mediu-sustenabilitate\/#primaryimage","url":"https:\/\/duxmd.ro\/wp-content\/uploads\/2026\/05\/1-768x1152.jpeg?_t=1778745773","contentUrl":"https:\/\/duxmd.ro\/wp-content\/uploads\/2026\/05\/1-768x1152.jpeg?_t=1778745773"},{"@type":"BreadcrumbList","@id":"https:\/\/duxmd.ro\/responsabilitate-sociala\/mediu-sustenabilitate\/#breadcrumb","itemListElement":[{"@type":"ListItem","position":1,"name":"Home","item":"https:\/\/duxmd.ro\/"},{"@type":"ListItem","position":2,"name":"Responsabilitate &#038; ini\u021biative","item":"https:\/\/duxmd.ro\/responsabilitate-sociala\/"},{"@type":"ListItem","position":3,"name":"Mediu-Sustenabilitate"}]},{"@type":"WebSite","@id":"https:\/\/duxmd.ro\/#website","url":"https:\/\/duxmd.ro\/","name":"Dux MD Pharma Solutions","description":"","publisher":{"@id":"https:\/\/duxmd.ro\/#organization"},"potentialAction":[{"@type":"SearchAction","target":{"@type":"EntryPoint","urlTemplate":"https:\/\/duxmd.ro\/?s={search_term_string}"},"query-input":{"@type":"PropertyValueSpecification","valueRequired":true,"valueName":"search_term_string"}}],"inLanguage":"en-US"},{"@type":"Organization","@id":"https:\/\/duxmd.ro\/#organization","name":"Dux MD Pharma Solutions","url":"https:\/\/duxmd.ro\/","logo":{"@type":"ImageObject","inLanguage":"en-US","@id":"https:\/\/duxmd.ro\/#\/schema\/logo\/image\/","url":"https:\/\/duxmd.ro\/wp-content\/uploads\/2024\/05\/LOGO_DuxMD_pt.WEB-1.png","contentUrl":"https:\/\/duxmd.ro\/wp-content\/uploads\/2024\/05\/LOGO_DuxMD_pt.WEB-1.png","width":800,"height":309,"caption":"Dux MD Pharma Solutions"},"image":{"@id":"https:\/\/duxmd.ro\/#\/schema\/logo\/image\/"}}]}},"_links":{"self":[{"href":"https:\/\/duxmd.ro\/en\/wp-json\/wp\/v2\/pages\/89931","targetHints":{"allow":["GET"]}}],"collection":[{"href":"https:\/\/duxmd.ro\/en\/wp-json\/wp\/v2\/pages"}],"about":[{"href":"https:\/\/duxmd.ro\/en\/wp-json\/wp\/v2\/types\/page"}],"author":[{"embeddable":true,"href":"https:\/\/duxmd.ro\/en\/wp-json\/wp\/v2\/users\/2"}],"replies":[{"embeddable":true,"href":"https:\/\/duxmd.ro\/en\/wp-json\/wp\/v2\/comments?post=89931"}],"version-history":[{"count":7,"href":"https:\/\/duxmd.ro\/en\/wp-json\/wp\/v2\/pages\/89931\/revisions"}],"predecessor-version":[{"id":90061,"href":"https:\/\/duxmd.ro\/en\/wp-json\/wp\/v2\/pages\/89931\/revisions\/90061"}],"up":[{"embeddable":true,"href":"https:\/\/duxmd.ro\/en\/wp-json\/wp\/v2\/pages\/89335"}],"wp:attachment":[{"href":"https:\/\/duxmd.ro\/en\/wp-json\/wp\/v2\/media?parent=89931"}],"curies":[{"name":"wp","href":"https:\/\/api.w.org\/{rel}","templated":true}]}}